{"id":621,"date":"2015-06-29T15:06:40","date_gmt":"2015-06-29T13:06:40","guid":{"rendered":"http:\/\/www.interfides.de\/unsere-kanzlei\/unsere-kanzlei\/"},"modified":"2015-09-25T14:22:21","modified_gmt":"2015-09-25T12:22:21","slug":"nuestro-bufete","status":"publish","type":"page","link":"https:\/\/www.interfides.de\/es\/nuestro-bufete\/nuestro-bufete\/","title":{"rendered":"Nuestro bufete"},"content":{"rendered":"\n<style type=\"text\/css\" data-created_by=\"avia_inline_auto\" id=\"style-css-av-av_section-a6a6f250b9db4861f7e2657e4465b110\">\n.avia-section.av-av_section-a6a6f250b9db4861f7e2657e4465b110{\nbackground-repeat:no-repeat;\nbackground-image:url(https:\/\/www.interfides.de\/wp-content\/uploads\/2015\/07\/header_kanzlei.jpg);\nbackground-position:50% 50%;\nbackground-attachment:scroll;\n}\n<\/style>\n<div id='av_section_1'  class='avia-section av-av_section-a6a6f250b9db4861f7e2657e4465b110 main_color avia-section-no-padding avia-no-border-styling  avia-builder-el-0  el_before_av_heading  avia-builder-el-first  avia-full-stretch avia-bg-style-scroll av-minimum-height av-minimum-height-custom av-height-custom  container_wrap fullsize'  data-section-bg-repeat='stretch' data-av_minimum_height_px='230'><div class='container av-section-cont-open' style='height:230px'><main  role=\"main\" itemprop=\"mainContentOfPage\"  class='template-page content  av-content-full alpha units'><div class='post-entry post-entry-type-page post-entry-621'><div class='entry-content-wrapper clearfix'><\/div><\/div><\/main><!-- close content main element --><\/div><\/div><div id='after_section_1'  class='main_color av_default_container_wrap container_wrap fullsize'  ><div class='container av-section-cont-open' ><div class='template-page content  av-content-full alpha units'><div class='post-entry post-entry-type-page post-entry-621'><div class='entry-content-wrapper clearfix'>\n\n<style type=\"text\/css\" data-created_by=\"avia_inline_auto\" id=\"style-css-av-av_heading-ec3cceeb17f690903927b1c2fa233095\">\n#top .av-special-heading.av-av_heading-ec3cceeb17f690903927b1c2fa233095{\npadding-bottom:0;\n}\nbody .av-special-heading.av-av_heading-ec3cceeb17f690903927b1c2fa233095 .av-special-heading-tag .heading-char{\nfont-size:25px;\n}\n.av-special-heading.av-av_heading-ec3cceeb17f690903927b1c2fa233095 .av-subheading{\nfont-size:15px;\n}\n<\/style>\n<div  class='av-special-heading av-av_heading-ec3cceeb17f690903927b1c2fa233095 av-special-heading-h1 blockquote modern-quote  avia-builder-el-1  el_after_av_section  el_before_av_hr  avia-builder-el-first '><h1 class='av-special-heading-tag '  itemprop=\"headline\"  >Unsere Kanzlei<\/h1><div class=\"special-heading-border\"><div class=\"special-heading-inner-border\"><\/div><\/div><\/div>\n\n<style type=\"text\/css\" data-created_by=\"avia_inline_auto\" id=\"style-css-av-av_hr-012673f305484e7803231721c4e67864\">\n#top .hr.av-av_hr-012673f305484e7803231721c4e67864{\nmargin-top:0px;\nmargin-bottom:20px;\n}\n.hr.av-av_hr-012673f305484e7803231721c4e67864 .hr-inner{\nwidth:60px;\nborder-color:#f47e1e;\n}\n<\/style>\n<div  class='hr av-av_hr-012673f305484e7803231721c4e67864 hr-custom  avia-builder-el-2  el_after_av_heading  el_before_av_textblock  hr-left hr-icon-no'><span class='hr-inner inner-border-av-border-fat'><span class=\"hr-inner-style\"><\/span><\/span><\/div>\n<section  class='av_textblock_section av-av_textblock-35972167d9f102c5ddaec0c531c98b9e '   itemscope=\"itemscope\" itemtype=\"https:\/\/schema.org\/CreativeWork\" ><div class='avia_textblock'  itemprop=\"text\" ><p>Die interfides Steuerberatungsgesellschaft mbH wurde 1978 gegr\u00fcndet und ber\u00e4t vorwiegend ausl\u00e4ndische Mandaten mit gesch\u00e4ftlichen Aktivit\u00e4ten in Deutschland.<\/p>\n<p>Sitz der Gesellschaft ist M\u00fcnchen, die Beratungsaktivit\u00e4ten erstrecken sich jedoch auf ganz Deutschland und das europ\u00e4ische Ausland. \u2028Als traditionsbewusstes Familienunternehmen befindet sich die Kanzlei bereits im Besitz der zweiten Generation. Dar\u00fcber hinaus setzen wir bei unseren Mitarbeitern auf langj\u00e4hrige Zusammenarbeit in Kombination mit einem jungen, dynamischen und engagierten Team, um den st\u00e4ndig wachsenden Anforderungen der heutigen Zeit auf Augenh\u00f6he begegnen zu k\u00f6nnen.<\/p>\n<p>Wir sind einerseits gro\u00df genug, um den Bed\u00fcrfnissen unserer mittelst\u00e4ndischen Kunden gerecht zu werden, anderseits klein genug, um eine pers\u00f6nliche Betreuung zu gew\u00e4hrleisten. Die interfides Steuerberatung betreut etwa 300 mittelst\u00e4ndische Unternehmen unterschiedlicher Gr\u00f6\u00dfe und Rechtsform aus dem In- und Ausland.<\/p>\n<\/div><\/section>\n","protected":false},"excerpt":{"rendered":"","protected":false},"author":1,"featured_media":0,"parent":619,"menu_order":5,"comment_status":"closed","ping_status":"closed","template":"","meta":{"footnotes":""},"class_list":["post-621","page","type-page","status-publish","hentry"],"_links":{"self":[{"href":"https:\/\/www.interfides.de\/es\/wp-json\/wp\/v2\/pages\/621","targetHints":{"allow":["GET"]}}],"collection":[{"href":"https:\/\/www.interfides.de\/es\/wp-json\/wp\/v2\/pages"}],"about":[{"href":"https:\/\/www.interfides.de\/es\/wp-json\/wp\/v2\/types\/page"}],"author":[{"embeddable":true,"href":"https:\/\/www.interfides.de\/es\/wp-json\/wp\/v2\/users\/1"}],"replies":[{"embeddable":true,"href":"https:\/\/www.interfides.de\/es\/wp-json\/wp\/v2\/comments?post=621"}],"version-history":[{"count":1,"href":"https:\/\/www.interfides.de\/es\/wp-json\/wp\/v2\/pages\/621\/revisions"}],"predecessor-version":[{"id":740,"href":"https:\/\/www.interfides.de\/es\/wp-json\/wp\/v2\/pages\/621\/revisions\/740"}],"up":[{"embeddable":true,"href":"https:\/\/www.interfides.de\/es\/wp-json\/wp\/v2\/pages\/619"}],"wp:attachment":[{"href":"https:\/\/www.interfides.de\/es\/wp-json\/wp\/v2\/media?parent=621"}],"curies":[{"name":"wp","href":"https:\/\/api.w.org\/{rel}","templated":true}]}}