{"id":625,"date":"2015-06-29T15:07:02","date_gmt":"2015-06-29T13:07:02","guid":{"rendered":"http:\/\/www.interfides.de\/unsere-kanzlei\/unser-team\/"},"modified":"2021-10-29T12:07:31","modified_gmt":"2021-10-29T10:07:31","slug":"nuestro-equipo","status":"publish","type":"page","link":"https:\/\/www.interfides.de\/es\/nuestro-bufete\/nuestro-equipo\/","title":{"rendered":"Nuestro equipo"},"content":{"rendered":"\n<style type=\"text\/css\" data-created_by=\"avia_inline_auto\" id=\"style-css-av-21rlk9-1323bf6159ac423de8cc18bc5285bff5\">\n.avia-section.av-21rlk9-1323bf6159ac423de8cc18bc5285bff5{\nbackground-repeat:no-repeat;\nbackground-image:url(https:\/\/www.interfides.de\/wp-content\/uploads\/2015\/07\/header_kanzlei.jpg);\nbackground-position:50% 50%;\nbackground-attachment:scroll;\n}\n<\/style>\n<div id='av_section_1'  class='avia-section av-21rlk9-1323bf6159ac423de8cc18bc5285bff5 main_color avia-section-no-padding avia-no-border-styling  avia-builder-el-0  el_before_av_heading  avia-builder-el-first  avia-full-stretch avia-bg-style-scroll av-minimum-height av-minimum-height-custom av-height-custom  container_wrap fullsize'  data-section-bg-repeat='stretch' data-av_minimum_height_px='230'><div class='container av-section-cont-open' style='height:230px'><main  role=\"main\" itemprop=\"mainContentOfPage\"  class='template-page content  av-content-full alpha units'><div class='post-entry post-entry-type-page post-entry-625'><div class='entry-content-wrapper clearfix'><\/div><\/div><\/main><!-- close content main element --><\/div><\/div><div id='after_section_1'  class='main_color av_default_container_wrap container_wrap fullsize'  ><div class='container av-section-cont-open' ><div class='template-page content  av-content-full alpha units'><div class='post-entry post-entry-type-page post-entry-625'><div class='entry-content-wrapper clearfix'>\n\n<style type=\"text\/css\" data-created_by=\"avia_inline_auto\" id=\"style-css-av-ljv1d-8f654a8c95b147a58d9fd85f1e9cc872\">\n#top .av-special-heading.av-ljv1d-8f654a8c95b147a58d9fd85f1e9cc872{\npadding-bottom:0;\n}\nbody .av-special-heading.av-ljv1d-8f654a8c95b147a58d9fd85f1e9cc872 .av-special-heading-tag .heading-char{\nfont-size:25px;\n}\n.av-special-heading.av-ljv1d-8f654a8c95b147a58d9fd85f1e9cc872 .av-subheading{\nfont-size:15px;\n}\n<\/style>\n<div  class='av-special-heading av-ljv1d-8f654a8c95b147a58d9fd85f1e9cc872 av-special-heading-h1 blockquote modern-quote  avia-builder-el-1  el_after_av_section  el_before_av_hr  avia-builder-el-first '><h1 class='av-special-heading-tag '  itemprop=\"headline\"  >Nuestro equipo<\/h1><div class=\"special-heading-border\"><div class=\"special-heading-inner-border\"><\/div><\/div><\/div>\n\n<style type=\"text\/css\" data-created_by=\"avia_inline_auto\" id=\"style-css-av-1s04s9-2c305dc1486776954681e0f628ca9ccd\">\n#top .hr.av-1s04s9-2c305dc1486776954681e0f628ca9ccd{\nmargin-top:0px;\nmargin-bottom:20px;\n}\n.hr.av-1s04s9-2c305dc1486776954681e0f628ca9ccd .hr-inner{\nwidth:60px;\nborder-color:#f47e1e;\n}\n<\/style>\n<div  class='hr av-1s04s9-2c305dc1486776954681e0f628ca9ccd hr-custom  avia-builder-el-2  el_after_av_heading  el_before_av_image  hr-left hr-icon-no'><span class='hr-inner inner-border-av-border-fat'><span class=\"hr-inner-style\"><\/span><\/span><\/div>\n\n<style type=\"text\/css\" data-created_by=\"avia_inline_auto\" id=\"style-css-av-ku41452p-54a2a2a669687521b7598fd4789330db\">\n.avia-image-container.av-ku41452p-54a2a2a669687521b7598fd4789330db img.avia_image{\nbox-shadow:none;\n}\n.avia-image-container.av-ku41452p-54a2a2a669687521b7598fd4789330db .av-image-caption-overlay-center{\ncolor:#ffffff;\n}\n<\/style>\n<div  class='avia-image-container av-ku41452p-54a2a2a669687521b7598fd4789330db av-styling-no-styling avia-align-center  avia-builder-el-3  el_after_av_hr  el_before_av_hr '   itemprop=\"image\" itemscope=\"itemscope\" itemtype=\"https:\/\/schema.org\/ImageObject\" ><div class=\"avia-image-container-inner\"><div class=\"avia-image-overlay-wrap\"><img decoding=\"async\" fetchpriority=\"high\" class='wp-image-1533 avia-img-lazy-loading-not-1533 avia_image ' src=\"https:\/\/www.interfides.de\/wp-content\/uploads\/2021\/09\/20210928_interfides_team01.jpg\" alt='' title='Interfides Team'  height=\"409\" width=\"900\"  itemprop=\"thumbnailUrl\" srcset=\"https:\/\/www.interfides.de\/wp-content\/uploads\/2021\/09\/20210928_interfides_team01.jpg 900w, https:\/\/www.interfides.de\/wp-content\/uploads\/2021\/09\/20210928_interfides_team01-300x136.jpg 300w, https:\/\/www.interfides.de\/wp-content\/uploads\/2021\/09\/20210928_interfides_team01-768x349.jpg 768w, https:\/\/www.interfides.de\/wp-content\/uploads\/2021\/09\/20210928_interfides_team01-705x320.jpg 705w, https:\/\/www.interfides.de\/wp-content\/uploads\/2021\/09\/20210928_interfides_team01-450x205.jpg 450w\" sizes=\"(max-width: 900px) 100vw, 900px\" \/><\/div><\/div><\/div>\n\n<style type=\"text\/css\" data-created_by=\"avia_inline_auto\" id=\"style-css-av-1n1mux-9a40f6c3fcf597aae36850449e829e58\">\n#top .hr.hr-invisible.av-1n1mux-9a40f6c3fcf597aae36850449e829e58{\nheight:20px;\n}\n<\/style>\n<div  class='hr av-1n1mux-9a40f6c3fcf597aae36850449e829e58 hr-invisible  avia-builder-el-4  el_after_av_image  el_before_av_textblock '><span class='hr-inner '><span class=\"hr-inner-style\"><\/span><\/span><\/div>\n<section  class='av_textblock_section av-kv2il1wf-44848da4a1c0371161538c5c5e03bfee '   itemscope=\"itemscope\" itemtype=\"https:\/\/schema.org\/CreativeWork\" ><div class='avia_textblock'  itemprop=\"text\" ><p>Benef\u00edciese de la dilatada experiencia de los propietarios de la asesor\u00eda fiscal Interfides, Andreas y Thomas Jan. Gracias a los conocimientos t\u00e9cnicos de nuestro equipo de profesionales, garantizamos un asesoramiento excelente y enfocado al objetivo.<\/p>\n<p>Ser\u00e1 asesorado minuciosamente y se le brindar\u00e1 apoyo eficaz en las siguientes \u00e1reas:<\/p>\n<\/div><\/section>\n\n<style type=\"text\/css\" data-created_by=\"avia_inline_auto\" id=\"style-css-av-kv2ikdwo-ff08a7640dfcdac8d137401aa1a67640\">\n#top .flex_column.av-kv2ikdwo-ff08a7640dfcdac8d137401aa1a67640{\nmargin-top:0px;\nmargin-bottom:0px;\n}\n.flex_column.av-kv2ikdwo-ff08a7640dfcdac8d137401aa1a67640{\nborder-radius:0px 0px 0px 0px;\npadding:0px 0px 0px 0px;\n}\n.responsive #top #wrap_all .flex_column.av-kv2ikdwo-ff08a7640dfcdac8d137401aa1a67640{\nmargin-top:0px;\nmargin-bottom:0px;\n}\n<\/style>\n<div  class='flex_column av-kv2ikdwo-ff08a7640dfcdac8d137401aa1a67640 av_one_half  avia-builder-el-6  el_after_av_textblock  el_before_av_one_half  first flex_column_div av-zero-column-padding  column-top-margin'     ><section  class='av_textblock_section av-kv2ilg42-5a5bfcc88f0c6d8299acaff4947c0462 '   itemscope=\"itemscope\" itemtype=\"https:\/\/schema.org\/CreativeWork\" ><div class='avia_textblock'  itemprop=\"text\" ><p>\u00c1reas de especializaci\u00f3n:<\/p>\n<p>Elaboraci\u00f3n de n\u00f3minas en el sector de la construcci\u00f3n<br \/>\nEmpresas constructoras<br \/>\nAsesoramiento a clientes extranjeros<br \/>\nFinanciaci\u00f3n<br \/>\nGastronom\u00eda<br \/>\nClientes internacionales<br \/>\nDerecho fiscal internacional<br \/>\nGesti\u00f3n financiera de negocios que trabajan con efectivo<br \/>\nElaboraci\u00f3n de n\u00f3minas<br \/>\nRecursos y acciones legales<br \/>\nFiliales de consorcios extranjeros<br \/>\nImpuestos sobre el volumen de negocios<\/p>\n<\/div><\/section><\/div>\n<style type=\"text\/css\" data-created_by=\"avia_inline_auto\" id=\"style-css-av-cwvtl-f19065fea30b5ee7e02ac98f1ac9ee35\">\n#top .flex_column.av-cwvtl-f19065fea30b5ee7e02ac98f1ac9ee35{\nmargin-top:0px;\nmargin-bottom:0px;\n}\n.flex_column.av-cwvtl-f19065fea30b5ee7e02ac98f1ac9ee35{\nborder-radius:0px 0px 0px 0px;\npadding:0px 0px 0px 0px;\n}\n.responsive #top #wrap_all .flex_column.av-cwvtl-f19065fea30b5ee7e02ac98f1ac9ee35{\nmargin-top:0px;\nmargin-bottom:0px;\n}\n<\/style>\n<div  class='flex_column av-cwvtl-f19065fea30b5ee7e02ac98f1ac9ee35 av_one_half  avia-builder-el-8  el_after_av_one_half  avia-builder-el-last  flex_column_div av-zero-column-padding  column-top-margin'     ><section  class='av_textblock_section av-kv2in0ve-cde1ed8dcbc4a868e9e757c030930557 '   itemscope=\"itemscope\" itemtype=\"https:\/\/schema.org\/CreativeWork\" ><div class='avia_textblock'  itemprop=\"text\" ><p>Idiomas:<\/p>\n<p>Alem\u00e1n<br \/>\nIngl\u00e9s<br \/>\nFranc\u00e9s<br \/>\nItaliano<br \/>\nPolaco<br \/>\nPortugu\u00e9s<br \/>\nEspa\u00f1ol<\/p>\n<\/div><\/section><\/div><\/p>\n","protected":false},"excerpt":{"rendered":"","protected":false},"author":1,"featured_media":0,"parent":619,"menu_order":10,"comment_status":"closed","ping_status":"closed","template":"","meta":{"footnotes":""},"class_list":["post-625","page","type-page","status-publish","hentry"],"_links":{"self":[{"href":"https:\/\/www.interfides.de\/es\/wp-json\/wp\/v2\/pages\/625","targetHints":{"allow":["GET"]}}],"collection":[{"href":"https:\/\/www.interfides.de\/es\/wp-json\/wp\/v2\/pages"}],"about":[{"href":"https:\/\/www.interfides.de\/es\/wp-json\/wp\/v2\/types\/page"}],"author":[{"embeddable":true,"href":"https:\/\/www.interfides.de\/es\/wp-json\/wp\/v2\/users\/1"}],"replies":[{"embeddable":true,"href":"https:\/\/www.interfides.de\/es\/wp-json\/wp\/v2\/comments?post=625"}],"version-history":[{"count":7,"href":"https:\/\/www.interfides.de\/es\/wp-json\/wp\/v2\/pages\/625\/revisions"}],"predecessor-version":[{"id":1531,"href":"https:\/\/www.interfides.de\/es\/wp-json\/wp\/v2\/pages\/625\/revisions\/1531"}],"up":[{"embeddable":true,"href":"https:\/\/www.interfides.de\/es\/wp-json\/wp\/v2\/pages\/619"}],"wp:attachment":[{"href":"https:\/\/www.interfides.de\/es\/wp-json\/wp\/v2\/media?parent=625"}],"curies":[{"name":"wp","href":"https:\/\/api.w.org\/{rel}","templated":true}]}}