{"id":670,"date":"2015-06-29T15:09:19","date_gmt":"2015-06-29T13:09:19","guid":{"rendered":"http:\/\/www.interfides.de\/leistungen\/lohn-und-gehaltsabrechnung\/"},"modified":"2023-02-14T14:19:03","modified_gmt":"2023-02-14T13:19:03","slug":"calculo-de-nominas-y-salarios","status":"publish","type":"page","link":"https:\/\/www.interfides.de\/es\/prestaciones\/calculo-de-nominas-y-salarios\/","title":{"rendered":"C\u00e1lculo de n\u00f3minas y salarios"},"content":{"rendered":"\n<style type=\"text\/css\" data-created_by=\"avia_inline_auto\" id=\"style-css-av-av_section-5feafc145776297cd272ba26b51de4f8\">\n.avia-section.av-av_section-5feafc145776297cd272ba26b51de4f8{\nbackground-repeat:no-repeat;\nbackground-image:url(https:\/\/www.interfides.de\/wp-content\/uploads\/2015\/06\/header_leistungen.jpg);\nbackground-position:50% 50%;\nbackground-attachment:scroll;\n}\n<\/style>\n<div id='av_section_1'  class='avia-section av-av_section-5feafc145776297cd272ba26b51de4f8 main_color avia-section-no-padding avia-no-border-styling  avia-builder-el-0  el_before_av_two_third  avia-builder-el-first  avia-full-stretch avia-bg-style-scroll av-minimum-height av-minimum-height-custom av-height-custom  container_wrap fullsize'  data-section-bg-repeat='stretch' data-av_minimum_height_px='230'><div class='container av-section-cont-open' style='height:230px'><main  role=\"main\" itemprop=\"mainContentOfPage\"  class='template-page content  av-content-full alpha units'><div class='post-entry post-entry-type-page post-entry-670'><div class='entry-content-wrapper clearfix'><\/div><\/div><\/main><!-- close content main element --><\/div><\/div><div id='after_section_1'  class='main_color av_default_container_wrap container_wrap fullsize'  ><div class='container av-section-cont-open' ><div class='template-page content  av-content-full alpha units'><div class='post-entry post-entry-type-page post-entry-670'><div class='entry-content-wrapper clearfix'>\n\n<style type=\"text\/css\" data-created_by=\"avia_inline_auto\" id=\"style-css-av-av_two_third-352b07ef7d3bc99b2e9f92e7a9e06bdb\">\n.flex_column.av-av_two_third-352b07ef7d3bc99b2e9f92e7a9e06bdb{\nborder-radius:0px 0px 0px 0px;\npadding:0px 0px 0px 0px;\n}\n<\/style>\n<div  class='flex_column av-av_two_third-352b07ef7d3bc99b2e9f92e7a9e06bdb av_two_third  avia-builder-el-1  el_after_av_section  el_before_av_one_third  avia-builder-el-first  first flex_column_div av-zero-column-padding  '     ><p>\n<style type=\"text\/css\" data-created_by=\"avia_inline_auto\" id=\"style-css-av-av_heading-498f74185f1f12531e98b583809cfced\">\n#top .av-special-heading.av-av_heading-498f74185f1f12531e98b583809cfced{\npadding-bottom:0;\n}\nbody .av-special-heading.av-av_heading-498f74185f1f12531e98b583809cfced .av-special-heading-tag .heading-char{\nfont-size:25px;\n}\n.av-special-heading.av-av_heading-498f74185f1f12531e98b583809cfced .av-subheading{\nfont-size:15px;\n}\n<\/style>\n<div  class='av-special-heading av-av_heading-498f74185f1f12531e98b583809cfced av-special-heading-h1 blockquote modern-quote  avia-builder-el-2  el_before_av_hr  avia-builder-el-first '><h1 class='av-special-heading-tag '  itemprop=\"headline\"  >C\u00e1lculo de n\u00f3minas y salarios<\/h1><div class=\"special-heading-border\"><div class=\"special-heading-inner-border\"><\/div><\/div><\/div><br \/>\n\n<style type=\"text\/css\" data-created_by=\"avia_inline_auto\" id=\"style-css-av-av_hr-012673f305484e7803231721c4e67864\">\n#top .hr.av-av_hr-012673f305484e7803231721c4e67864{\nmargin-top:0px;\nmargin-bottom:20px;\n}\n.hr.av-av_hr-012673f305484e7803231721c4e67864 .hr-inner{\nwidth:60px;\nborder-color:#f47e1e;\n}\n<\/style>\n<div  class='hr av-av_hr-012673f305484e7803231721c4e67864 hr-custom  avia-builder-el-3  el_after_av_heading  el_before_av_textblock  hr-left hr-icon-no'><span class='hr-inner inner-border-av-border-fat'><span class=\"hr-inner-style\"><\/span><\/span><\/div><br \/>\n<section  class='av_textblock_section av-av_textblock-35972167d9f102c5ddaec0c531c98b9e '   itemscope=\"itemscope\" itemtype=\"https:\/\/schema.org\/CreativeWork\" ><div class='avia_textblock'  itemprop=\"text\" ><div class=\"page\" title=\"Page 17\">\n<div class=\"section\">\n<div class=\"layoutArea\">\n<div class=\"column\">\n<p>En el marco del c\u00e1lculo de n\u00f3minas y salarios nos encargamos de la liquidaci\u00f3n empresarial del c\u00e1lculo de sus n\u00f3minas y salarios.<br \/>\nEs decir, asumimos en su nombre las siguientes tareas:<\/p>\n<ul>\n<li>Gesti\u00f3n de las cuentas de n\u00f3minas<\/li>\n<li>Elaboraci\u00f3n de los siguientes informes:\n<ul>\n<li>c\u00e1lculo de n\u00f3minas y salarios<\/li>\n<li>justificantes de pago de la seguridad social<\/li>\n<li>informes sobre la seguridad social, as\u00ed como informes inmediatos<\/li>\n<\/ul>\n<\/li>\n<li>Registro del impuesto sobre el salario, de la seguridad social y de la cooperativa para la prevenci\u00f3n y el seguro de accidentes laborales<\/li>\n<\/ul>\n<p>Gracias a los muchos a\u00f1os de experiencia en el \u00e1rea de la construcci\u00f3n y de una serie de conferencias realizadas por nuestro director ejecutivo sobre este tema, tambi\u00e9n podemos hacernos cargo de sus n\u00f3minas en el sector de la construcci\u00f3n. Lo anterior tambi\u00e9n se aplica a las compa\u00f1\u00edas que operan desde el extranjero, como p. ej. Austria o Hungr\u00eda. \u00a1P\u00f3ngase en contacto con nosotros!<\/p>\n<\/div>\n<\/div>\n<\/div>\n<\/div>\n<\/div><\/section><\/p><\/div>\n\n<style type=\"text\/css\" data-created_by=\"avia_inline_auto\" id=\"style-css-av-le49sy2g-9ba626289a12254cdee5340bac3046cd\">\n.flex_column.av-le49sy2g-9ba626289a12254cdee5340bac3046cd{\nborder-radius:0px 0px 0px 0px;\npadding:10px 10px 10px 10px;\n}\n<\/style>\n<div  class='flex_column av-le49sy2g-9ba626289a12254cdee5340bac3046cd av_one_third  avia-builder-el-5  el_after_av_two_third  avia-builder-el-last  termin-kasten flex_column_div  '     ><p>\n<style type=\"text\/css\" data-created_by=\"avia_inline_auto\" id=\"style-css-av-av_heading-10a1e91ed23b0fa932c904d5ead66999\">\n#top .av-special-heading.av-av_heading-10a1e91ed23b0fa932c904d5ead66999{\npadding-bottom:0;\ncolor:#ffffff;\n}\nbody .av-special-heading.av-av_heading-10a1e91ed23b0fa932c904d5ead66999 .av-special-heading-tag .heading-char{\nfont-size:25px;\n}\n.av-special-heading.av-av_heading-10a1e91ed23b0fa932c904d5ead66999 .special-heading-inner-border{\nborder-color:#ffffff;\n}\n.av-special-heading.av-av_heading-10a1e91ed23b0fa932c904d5ead66999 .av-subheading{\nfont-size:15px;\n}\n<\/style>\n<div  class='av-special-heading av-av_heading-10a1e91ed23b0fa932c904d5ead66999 av-special-heading-h1 custom-color-heading blockquote modern-quote  avia-builder-el-6  el_before_av_hr  avia-builder-el-first '><h1 class='av-special-heading-tag '  itemprop=\"headline\"  >SOLICITE UNA CITA<\/h1><div class=\"special-heading-border\"><div class=\"special-heading-inner-border\"><\/div><\/div><\/div><br \/>\n\n<style type=\"text\/css\" data-created_by=\"avia_inline_auto\" id=\"style-css-av-av_hr-cf28bcd94edc3388d0b97a55ad08a3b6\">\n#top .hr.av-av_hr-cf28bcd94edc3388d0b97a55ad08a3b6{\nmargin-top:0px;\nmargin-bottom:0px;\n}\n.hr.av-av_hr-cf28bcd94edc3388d0b97a55ad08a3b6 .hr-inner{\nwidth:60px;\nborder-color:#f47e1e;\n}\n<\/style>\n<div  class='hr av-av_hr-cf28bcd94edc3388d0b97a55ad08a3b6 hr-custom  avia-builder-el-7  el_after_av_heading  el_before_av_icon_box  hr-left hr-icon-no'><span class='hr-inner inner-border-av-border-fat'><span class=\"hr-inner-style\"><\/span><\/span><\/div><br \/>\n\n<style type=\"text\/css\" data-created_by=\"avia_inline_auto\" id=\"style-css-av-le49t5rw-422a3434481ab652bc7f17b1b1122381\">\n.iconbox.av-le49t5rw-422a3434481ab652bc7f17b1b1122381 .iconbox_icon{\ncolor:#ffffff;\n}\n.iconbox.av-le49t5rw-422a3434481ab652bc7f17b1b1122381 .iconbox_icon.avia-svg-icon svg:first-child{\nfill:#ffffff;\nstroke:#ffffff;\n}\n#top #wrap_all .iconbox.av-le49t5rw-422a3434481ab652bc7f17b1b1122381 .iconbox_content_title{\ncolor:#ffffff;\n}\n.iconbox.av-le49t5rw-422a3434481ab652bc7f17b1b1122381 .iconbox_content_container{\ncolor:#ffffff;\n}\n<\/style>\n<article  class='iconbox iconbox_left av-le49t5rw-422a3434481ab652bc7f17b1b1122381  avia-builder-el-8  el_after_av_hr  el_before_av_button '  itemscope=\"itemscope\" itemtype=\"https:\/\/schema.org\/CreativeWork\" ><div class=\"iconbox_content\"><header class=\"entry-content-header\" aria-label=\"Icon: 0049-(0)89-7256038\"><div class='iconbox_icon heading-color avia-iconfont avia-font-entypo-fontello' data-av_icon='' data-av_iconfont='entypo-fontello' title=\"0049-(0)89-7256038\" desc=\"0049-(0)89-7256038\" ><\/div><h3 class='iconbox_content_title '  itemprop=\"headline\" ><a href='tel:0049897256038' title='0049-(0)89-7256038'  >0049-(0)89-7256038<\/a><\/h3><\/header><div class='iconbox_content_container av_inherit_color'  itemprop=\"text\" ><\/div><\/div><footer class=\"entry-footer\"><\/footer><\/article><br \/>\n<div  class='avia-button-wrap av-av_button-86070e76eba537cdf23309b3be8f1dd9-wrap avia-button-center  avia-builder-el-9  el_after_av_icon_box  avia-builder-el-last  termin-button'>\n<style type=\"text\/css\" data-created_by=\"avia_inline_auto\" id=\"style-css-av-av_button-86070e76eba537cdf23309b3be8f1dd9\">\n#top #wrap_all .avia-button.av-av_button-86070e76eba537cdf23309b3be8f1dd9{\nbackground-color:#ffffff;\nborder-color:#ffffff;\ncolor:#f47e1e;\ntransition:all 0.4s ease-in-out;\n}\n#top #wrap_all .avia-button.av-av_button-86070e76eba537cdf23309b3be8f1dd9 .avia-svg-icon svg:first-child{\nfill:#f47e1e;\nstroke:#f47e1e;\n}\n<\/style>\n<a href='https:\/\/www.interfides.de\/es\/contacto\/'  class='avia-button av-av_button-86070e76eba537cdf23309b3be8f1dd9 av-link-btn avia-icon_select-no avia-size-medium avia-position-center'   aria-label=\"Pedir una cita\"><span class='avia_iconbox_title' >Pedir una cita<\/span><\/a><\/div><\/p><\/div>\n","protected":false},"excerpt":{"rendered":"","protected":false},"author":1,"featured_media":0,"parent":638,"menu_order":15,"comment_status":"closed","ping_status":"closed","template":"","meta":{"footnotes":""},"class_list":["post-670","page","type-page","status-publish","hentry"],"_links":{"self":[{"href":"https:\/\/www.interfides.de\/es\/wp-json\/wp\/v2\/pages\/670","targetHints":{"allow":["GET"]}}],"collection":[{"href":"https:\/\/www.interfides.de\/es\/wp-json\/wp\/v2\/pages"}],"about":[{"href":"https:\/\/www.interfides.de\/es\/wp-json\/wp\/v2\/types\/page"}],"author":[{"embeddable":true,"href":"https:\/\/www.interfides.de\/es\/wp-json\/wp\/v2\/users\/1"}],"replies":[{"embeddable":true,"href":"https:\/\/www.interfides.de\/es\/wp-json\/wp\/v2\/comments?post=670"}],"version-history":[{"count":4,"href":"https:\/\/www.interfides.de\/es\/wp-json\/wp\/v2\/pages\/670\/revisions"}],"predecessor-version":[{"id":750,"href":"https:\/\/www.interfides.de\/es\/wp-json\/wp\/v2\/pages\/670\/revisions\/750"}],"up":[{"embeddable":true,"href":"https:\/\/www.interfides.de\/es\/wp-json\/wp\/v2\/pages\/638"}],"wp:attachment":[{"href":"https:\/\/www.interfides.de\/es\/wp-json\/wp\/v2\/media?parent=670"}],"curies":[{"name":"wp","href":"https:\/\/api.w.org\/{rel}","templated":true}]}}