{"id":685,"date":"2015-06-29T15:10:53","date_gmt":"2015-06-29T13:10:53","guid":{"rendered":"http:\/\/www.interfides.de\/schwerpunkte\/betreuung-von-tochtergesellschaften\/"},"modified":"2023-02-14T14:21:16","modified_gmt":"2023-02-14T13:21:16","slug":"asesoramiento-de-sucursales","status":"publish","type":"page","link":"https:\/\/www.interfides.de\/es\/prioridades\/asesoramiento-de-sucursales\/","title":{"rendered":"Asesoramiento de sucursales"},"content":{"rendered":"\n<style type=\"text\/css\" data-created_by=\"avia_inline_auto\" id=\"style-css-av-av_section-d466d872a6fa2b5aa28fce1a53eb691a\">\n.avia-section.av-av_section-d466d872a6fa2b5aa28fce1a53eb691a{\nbackground-repeat:no-repeat;\nbackground-image:url(https:\/\/www.interfides.de\/wp-content\/uploads\/2015\/06\/header_schwerpunkte.jpg);\nbackground-position:50% 50%;\nbackground-attachment:scroll;\n}\n<\/style>\n<div id='av_section_1'  class='avia-section av-av_section-d466d872a6fa2b5aa28fce1a53eb691a main_color avia-section-no-padding avia-no-border-styling  avia-builder-el-0  el_before_av_two_third  avia-builder-el-first  avia-full-stretch avia-bg-style-scroll av-minimum-height av-minimum-height-custom av-height-custom  container_wrap fullsize'  data-section-bg-repeat='stretch' data-av_minimum_height_px='230'><div class='container av-section-cont-open' style='height:230px'><main  role=\"main\" itemprop=\"mainContentOfPage\"  class='template-page content  av-content-full alpha units'><div class='post-entry post-entry-type-page post-entry-685'><div class='entry-content-wrapper clearfix'><\/div><\/div><\/main><!-- close content main element --><\/div><\/div><div id='after_section_1'  class='main_color av_default_container_wrap container_wrap fullsize'  ><div class='container av-section-cont-open' ><div class='template-page content  av-content-full alpha units'><div class='post-entry post-entry-type-page post-entry-685'><div class='entry-content-wrapper clearfix'>\n\n<style type=\"text\/css\" data-created_by=\"avia_inline_auto\" id=\"style-css-av-av_two_third-352b07ef7d3bc99b2e9f92e7a9e06bdb\">\n.flex_column.av-av_two_third-352b07ef7d3bc99b2e9f92e7a9e06bdb{\nborder-radius:0px 0px 0px 0px;\npadding:0px 0px 0px 0px;\n}\n<\/style>\n<div  class='flex_column av-av_two_third-352b07ef7d3bc99b2e9f92e7a9e06bdb av_two_third  avia-builder-el-1  el_after_av_section  el_before_av_one_third  avia-builder-el-first  first flex_column_div av-zero-column-padding  '     ><p>\n<style type=\"text\/css\" data-created_by=\"avia_inline_auto\" id=\"style-css-av-av_heading-8ef3dbfbc02afd01025c39f15869e41e\">\n#top .av-special-heading.av-av_heading-8ef3dbfbc02afd01025c39f15869e41e{\npadding-bottom:0;\n}\nbody .av-special-heading.av-av_heading-8ef3dbfbc02afd01025c39f15869e41e .av-special-heading-tag .heading-char{\nfont-size:25px;\n}\n.av-special-heading.av-av_heading-8ef3dbfbc02afd01025c39f15869e41e .av-subheading{\nfont-size:15px;\n}\n<\/style>\n<div  class='av-special-heading av-av_heading-8ef3dbfbc02afd01025c39f15869e41e av-special-heading-h1 blockquote modern-quote  avia-builder-el-2  el_before_av_hr  avia-builder-el-first '><h1 class='av-special-heading-tag '  itemprop=\"headline\"  >Asesoramiento de sucursales<\/h1><div class=\"special-heading-border\"><div class=\"special-heading-inner-border\"><\/div><\/div><\/div><br \/>\n\n<style type=\"text\/css\" data-created_by=\"avia_inline_auto\" id=\"style-css-av-av_hr-012673f305484e7803231721c4e67864\">\n#top .hr.av-av_hr-012673f305484e7803231721c4e67864{\nmargin-top:0px;\nmargin-bottom:20px;\n}\n.hr.av-av_hr-012673f305484e7803231721c4e67864 .hr-inner{\nwidth:60px;\nborder-color:#f47e1e;\n}\n<\/style>\n<div  class='hr av-av_hr-012673f305484e7803231721c4e67864 hr-custom  avia-builder-el-3  el_after_av_heading  el_before_av_textblock  hr-left hr-icon-no'><span class='hr-inner inner-border-av-border-fat'><span class=\"hr-inner-style\"><\/span><\/span><\/div><br \/>\n<section  class='av_textblock_section av-av_textblock-35972167d9f102c5ddaec0c531c98b9e '   itemscope=\"itemscope\" itemtype=\"https:\/\/schema.org\/CreativeWork\" ><div class='avia_textblock'  itemprop=\"text\" ><h2>Asesoramiento de sucursales alemanas de empresas extranjeras: ejemplo<\/h2>\n<p>El siguiente ejemplo le mostrar\u00e1 c\u00f3mo podemos ayudarle con sus actividades en Alemania:<\/p>\n<\/div><\/section><\/p><\/div>\n\n<style type=\"text\/css\" data-created_by=\"avia_inline_auto\" id=\"style-css-av-le49vs2s-ad3d00ea1a0b0fad5fdea88c7c9583db\">\n.flex_column.av-le49vs2s-ad3d00ea1a0b0fad5fdea88c7c9583db{\nborder-radius:0px 0px 0px 0px;\npadding:10px 10px 10px 10px;\n}\n<\/style>\n<div  class='flex_column av-le49vs2s-ad3d00ea1a0b0fad5fdea88c7c9583db av_one_third  avia-builder-el-5  el_after_av_two_third  el_before_av_section  avia-builder-el-last  termin-kasten flex_column_div  '     ><p>\n<style type=\"text\/css\" data-created_by=\"avia_inline_auto\" id=\"style-css-av-av_heading-10a1e91ed23b0fa932c904d5ead66999\">\n#top .av-special-heading.av-av_heading-10a1e91ed23b0fa932c904d5ead66999{\npadding-bottom:0;\ncolor:#ffffff;\n}\nbody .av-special-heading.av-av_heading-10a1e91ed23b0fa932c904d5ead66999 .av-special-heading-tag .heading-char{\nfont-size:25px;\n}\n.av-special-heading.av-av_heading-10a1e91ed23b0fa932c904d5ead66999 .special-heading-inner-border{\nborder-color:#ffffff;\n}\n.av-special-heading.av-av_heading-10a1e91ed23b0fa932c904d5ead66999 .av-subheading{\nfont-size:15px;\n}\n<\/style>\n<div  class='av-special-heading av-av_heading-10a1e91ed23b0fa932c904d5ead66999 av-special-heading-h1 custom-color-heading blockquote modern-quote  avia-builder-el-6  el_before_av_hr  avia-builder-el-first '><h1 class='av-special-heading-tag '  itemprop=\"headline\"  >SOLICITE UNA CITA<\/h1><div class=\"special-heading-border\"><div class=\"special-heading-inner-border\"><\/div><\/div><\/div><br \/>\n\n<style type=\"text\/css\" data-created_by=\"avia_inline_auto\" id=\"style-css-av-av_hr-cf28bcd94edc3388d0b97a55ad08a3b6\">\n#top .hr.av-av_hr-cf28bcd94edc3388d0b97a55ad08a3b6{\nmargin-top:0px;\nmargin-bottom:0px;\n}\n.hr.av-av_hr-cf28bcd94edc3388d0b97a55ad08a3b6 .hr-inner{\nwidth:60px;\nborder-color:#f47e1e;\n}\n<\/style>\n<div  class='hr av-av_hr-cf28bcd94edc3388d0b97a55ad08a3b6 hr-custom  avia-builder-el-7  el_after_av_heading  el_before_av_icon_box  hr-left hr-icon-no'><span class='hr-inner inner-border-av-border-fat'><span class=\"hr-inner-style\"><\/span><\/span><\/div><br \/>\n\n<style type=\"text\/css\" data-created_by=\"avia_inline_auto\" id=\"style-css-av-le49vzk6-64b0b28f4b0121492ea5cd103192810f\">\n.iconbox.av-le49vzk6-64b0b28f4b0121492ea5cd103192810f .iconbox_icon{\ncolor:#ffffff;\n}\n.iconbox.av-le49vzk6-64b0b28f4b0121492ea5cd103192810f .iconbox_icon.avia-svg-icon svg:first-child{\nfill:#ffffff;\nstroke:#ffffff;\n}\n#top #wrap_all .iconbox.av-le49vzk6-64b0b28f4b0121492ea5cd103192810f .iconbox_content_title{\ncolor:#ffffff;\n}\n.iconbox.av-le49vzk6-64b0b28f4b0121492ea5cd103192810f .iconbox_content_container{\ncolor:#ffffff;\n}\n<\/style>\n<article  class='iconbox iconbox_left av-le49vzk6-64b0b28f4b0121492ea5cd103192810f  avia-builder-el-8  el_after_av_hr  el_before_av_button '  itemscope=\"itemscope\" itemtype=\"https:\/\/schema.org\/CreativeWork\" ><div class=\"iconbox_content\"><header class=\"entry-content-header\" aria-label=\"Icon: 0049-(0)89-7256038\"><div class='iconbox_icon heading-color avia-iconfont avia-font-entypo-fontello' data-av_icon='' data-av_iconfont='entypo-fontello' title=\"0049-(0)89-7256038\" desc=\"0049-(0)89-7256038\" ><\/div><h3 class='iconbox_content_title '  itemprop=\"headline\" ><a href='tel:0049897256038' title='0049-(0)89-7256038'  >0049-(0)89-7256038<\/a><\/h3><\/header><div class='iconbox_content_container av_inherit_color'  itemprop=\"text\" ><\/div><\/div><footer class=\"entry-footer\"><\/footer><\/article><br \/>\n<div  class='avia-button-wrap av-av_button-86070e76eba537cdf23309b3be8f1dd9-wrap avia-button-center  avia-builder-el-9  el_after_av_icon_box  avia-builder-el-last  termin-button'>\n<style type=\"text\/css\" data-created_by=\"avia_inline_auto\" id=\"style-css-av-av_button-86070e76eba537cdf23309b3be8f1dd9\">\n#top #wrap_all .avia-button.av-av_button-86070e76eba537cdf23309b3be8f1dd9{\nbackground-color:#ffffff;\nborder-color:#ffffff;\ncolor:#f47e1e;\ntransition:all 0.4s ease-in-out;\n}\n#top #wrap_all .avia-button.av-av_button-86070e76eba537cdf23309b3be8f1dd9 .avia-svg-icon svg:first-child{\nfill:#f47e1e;\nstroke:#f47e1e;\n}\n<\/style>\n<a href='https:\/\/www.interfides.de\/es\/contacto\/'  class='avia-button av-av_button-86070e76eba537cdf23309b3be8f1dd9 av-link-btn avia-icon_select-no avia-size-medium avia-position-center'   aria-label=\"Pedir una cita\"><span class='avia_iconbox_title' >Pedir una cita<\/span><\/a><\/div><\/p><\/div><\/div><\/div><\/div><!-- close content main div --><\/div><\/div><div id='orange-hintergrund'  class='avia-section av-av_section-b742289176ef86a7c7093e7a3937ce31 main_color avia-section-default avia-no-shadow  avia-builder-el-10  el_after_av_one_third  el_before_av_hr  avia-bg-style-scroll container_wrap fullsize'  ><div class='container av-section-cont-open' ><div class='template-page content  av-content-full alpha units'><div class='post-entry post-entry-type-page post-entry-685'><div class='entry-content-wrapper clearfix'>\n<section  class='av_textblock_section av-av_textblock-35972167d9f102c5ddaec0c531c98b9e '   itemscope=\"itemscope\" itemtype=\"https:\/\/schema.org\/CreativeWork\" ><div class='avia_textblock'  itemprop=\"text\" ><p>El empresario Franz Gruber de Vorarlberg (Austria) fabrica soluciones de envases.<\/p>\n<p>Los oferta desde hace alg\u00fan tiempo en el mercado alem\u00e1n. En una feria comercial comprueba que aquella parte de la competencia que ya contaba con sociedades distribuidoras en Alemania registra un volumen de ventas claramente mayor. A fin de reforzar su presencia en Alemania, el Sr. Gruber se plantea fundar una sociedad distribuidora en el pa\u00eds vecino.<\/p>\n<p>Tras investigar brevemente por Internet y consultar a la Delegaci\u00f3n Comercial Austriaca en M\u00fanich, llega hasta interfides Steuerberatungsgesellschaft mbH. Decide solicitar una cita sin perder m\u00e1s tiempo.<\/p>\n<p>En una <strong>primera reuni\u00f3n de asesoramiento<\/strong> en nuestra central en M\u00fanich con el director financiero de Gruber en Austria mediante videoconferencia comentamos los siguientes temas:<\/p>\n<\/div><\/section>\n\n<style type=\"text\/css\" data-created_by=\"avia_inline_auto\" id=\"style-css-av-av_one_half-352b07ef7d3bc99b2e9f92e7a9e06bdb\">\n.flex_column.av-av_one_half-352b07ef7d3bc99b2e9f92e7a9e06bdb{\nborder-radius:0px 0px 0px 0px;\npadding:0px 0px 0px 0px;\n}\n<\/style>\n<div  class='flex_column av-av_one_half-352b07ef7d3bc99b2e9f92e7a9e06bdb av_one_half  avia-builder-el-12  el_after_av_textblock  el_before_av_one_half  first flex_column_div av-zero-column-padding  column-top-margin'     ><p><section  class='av_textblock_section av-av_textblock-18d48d591386a2e9377262fd89ff72c1 '   itemscope=\"itemscope\" itemtype=\"https:\/\/schema.org\/CreativeWork\" ><div class='avia_textblock kasten-orange'  itemprop=\"text\" ><p>Elecci\u00f3n de la forma jur\u00eddica adecuada<br \/>\n(GmbH, GbR, etc.)<\/p>\n<\/div><\/section><br \/>\n<section  class='av_textblock_section av-av_textblock-18d48d591386a2e9377262fd89ff72c1 '   itemscope=\"itemscope\" itemtype=\"https:\/\/schema.org\/CreativeWork\" ><div class='avia_textblock kasten-orange'  itemprop=\"text\" ><p>Requisitos que debe cumplir la compa\u00f1\u00eda para ser reconocida por la Agencia Tributaria<\/p>\n<\/div><\/section><\/p><\/div>\n<style type=\"text\/css\" data-created_by=\"avia_inline_auto\" id=\"style-css-av-av_one_half-2a64de42b738552fe666ca889af77e28\">\n.flex_column.av-av_one_half-2a64de42b738552fe666ca889af77e28{\nborder-radius:0px 0px 0px 0px;\npadding:0px 0px 0px 0px;\n}\n<\/style>\n<div  class='flex_column av-av_one_half-2a64de42b738552fe666ca889af77e28 av_one_half  avia-builder-el-15  el_after_av_one_half  el_before_av_hr  flex_column_div av-zero-column-padding  column-top-margin'     ><p><section  class='av_textblock_section av-av_textblock-18d48d591386a2e9377262fd89ff72c1 '   itemscope=\"itemscope\" itemtype=\"https:\/\/schema.org\/CreativeWork\" ><div class='avia_textblock kasten-orange'  itemprop=\"text\" ><p>Elecci\u00f3n de la sede fiscalmente m\u00e1s favorable en territorio alem\u00e1n<\/p>\n<\/div><\/section><br \/>\n<section  class='av_textblock_section av-av_textblock-18d48d591386a2e9377262fd89ff72c1 '   itemscope=\"itemscope\" itemtype=\"https:\/\/schema.org\/CreativeWork\" ><div class='avia_textblock kasten-orange'  itemprop=\"text\" ><p>Estrategia y concepto \u2028en torno a la compa\u00f1\u00eda<\/p>\n<\/div><\/section><\/p><\/div>\n<style type=\"text\/css\" data-created_by=\"avia_inline_auto\" id=\"style-css-av-av_hr-f9c49c3d3336fc54a3f31ed109c785bd\">\n#top .hr.hr-invisible.av-av_hr-f9c49c3d3336fc54a3f31ed109c785bd{\nheight:30px;\n}\n<\/style>\n<div  class='hr av-av_hr-f9c49c3d3336fc54a3f31ed109c785bd hr-invisible  avia-builder-el-18  el_after_av_one_half  el_before_av_textblock '><span class='hr-inner '><span class=\"hr-inner-style\"><\/span><\/span><\/div>\n<section  class='av_textblock_section av-av_textblock-35972167d9f102c5ddaec0c531c98b9e '   itemscope=\"itemscope\" itemtype=\"https:\/\/schema.org\/CreativeWork\" ><div class='avia_textblock'  itemprop=\"text\" ><p>Tras sopesarlo detenidamente, el Sr. Gruber se decanta por la fundaci\u00f3n de una sociedad distribuidora en forma de sociedad de responsabilidad limitada (GmbH) en Alemania. <strong>En este sentido, le ayudamos a tratar los siguientes puntos en colaboraci\u00f3n con interfides Huber-Sierk Rechtsanwaltsgesellschaft mbH:<\/strong><\/p>\n<ul>\n<li>Solicitud de una cita con el notario<\/li>\n<li>Elaboraci\u00f3n de los estatutos de la compa\u00f1\u00eda en colaboraci\u00f3n con interfides Huber-Sierk Rechtsanwaltsgesellschaft mbH<\/li>\n<li>Inscripci\u00f3n en el registro mercantil<\/li>\n<li>Elaboraci\u00f3n de contratos de trabajo<\/li>\n<li>Solicitud de un NIF<\/li>\n<li>Balance de apertura<\/li>\n<li>Elaboraci\u00f3n del contrato del director ejecutivo<\/li>\n<\/ul>\n<p>Una vez solucionadas todas las formalidades ya pueden iniciarse los negocios. El Sr. Gruber observa r\u00e1pidamente que su sociedad distribuidora con sede en Gr\u00fcnwald, M\u00fanich (Alemania), despierta una mayor confianza entre la clientela. Su volumen de ventas aumenta considerablemente.<\/p>\n<p>Pero con esto aumentan tambi\u00e9n las obligaciones administrativas. Es aqu\u00ed donde entran en juego nuestras destrezas en la contabilidad mensual. Adem\u00e1s de las tareas convencionales como la contabilidad, los informes de los comprobantes y la declaraci\u00f3n anticipada del impuesto sobre el volumen de ventas, tambi\u00e9n elaboramos un <strong>informe<\/strong> adaptado al grupo. Este informe<\/p>\n<ul>\n<li>contiene los indicadores claves de desempe\u00f1o (KPI por sus siglas en ingl\u00e9s) de la sociedad matriz austriaca<\/li>\n<li>tiene en cuenta las eliminaciones internas de las transacciones entre la sociedad matriz y la sucursal<\/li>\n<li>permite la integraci\u00f3n en la planificaci\u00f3n empresarial global<\/li>\n<\/ul>\n<p>Puesto que el comercio marcha bien, se superar\u00e1 la marca de cinco millones de euros en el volumen de ventas anual importante para la Agencia Tributaria. Por lo tanto, la sociedad distribuidora en Alemania est\u00e1 obligada a elaborar la documentaci\u00f3n de los precios de transferencia. Nosotros fijamos estos precios en colaboraci\u00f3n con el bufete de abogados interfides Huber-Sierk, garantizando as\u00ed el cumplimiento de los siguientes <strong>requisitos con forme al \u00a7 4 del Reglamento sobre el tipo y el alcance de la documentaci\u00f3n relacionada con los precios de transferencia en Alemania (GAufzV por sus siglas en alem\u00e1n):<\/strong><\/p>\n<ul>\n<li>Porcentaje de participaciones, operaciones comerciales, organizaci\u00f3n interna<\/li>\n<li>Relaci\u00f3n comercial con las partes vinculadas<\/li>\n<li>An\u00e1lisis de funciones y riesgos<\/li>\n<li>An\u00e1lisis de los precios de transferencia<\/li>\n<\/ul>\n<p>Tras algunos a\u00f1os de buen funcionamiento del negocio, el Sr. Gruber recibe una carta de la Agencia Tributaria; se realizar\u00e1 una auditor\u00eda especial del impuesto sobre el volumen de ventas con motivo del elevado volumen comercial con Austria. Aqu\u00ed ayudamos a la compa\u00f1\u00eda del Sr. Gruber de dos formas distintas:<\/p>\n<\/div><\/section>\n\n<style type=\"text\/css\" data-created_by=\"avia_inline_auto\" id=\"style-css-av-av_one_half-352b07ef7d3bc99b2e9f92e7a9e06bdb\">\n.flex_column.av-av_one_half-352b07ef7d3bc99b2e9f92e7a9e06bdb{\nborder-radius:0px 0px 0px 0px;\npadding:0px 0px 0px 0px;\n}\n<\/style>\n<div  class='flex_column av-av_one_half-352b07ef7d3bc99b2e9f92e7a9e06bdb av_one_half  avia-builder-el-20  el_after_av_textblock  el_before_av_one_half  first flex_column_div av-zero-column-padding  column-top-margin'     ><section  class='av_textblock_section av-av_textblock-35972167d9f102c5ddaec0c531c98b9e '   itemscope=\"itemscope\" itemtype=\"https:\/\/schema.org\/CreativeWork\" ><div class='avia_textblock'  itemprop=\"text\" ><p><strong>De forma preventiva durante la contabilidad:<\/strong><\/p>\n<ul>\n<li>Comprobaci\u00f3n de las facturas recibidas teniendo en cuenta las caracter\u00edsticas de acuerdo con el \u00a714 de la Ley del impuesto sobre el volumen de ventas a fin de garantizar un r\u00e9gimen de deducciones correcto<\/li>\n<li>Asignaci\u00f3n correcta del volumen de ventas (periodo de registro por adelantado)<\/li>\n<li>Requisitos sobre la presentaci\u00f3n de pruebas sobre los gastos de hospeder\u00eda<\/li>\n<li>Recopilaci\u00f3n adecuada de todas las transacciones comerciales con respecto a la clave de control y el tipo impositivo<\/li>\n<\/ul>\n<\/div><\/section><\/div>\n<style type=\"text\/css\" data-created_by=\"avia_inline_auto\" id=\"style-css-av-av_one_half-2a64de42b738552fe666ca889af77e28\">\n.flex_column.av-av_one_half-2a64de42b738552fe666ca889af77e28{\nborder-radius:0px 0px 0px 0px;\npadding:0px 0px 0px 0px;\n}\n<\/style>\n<div  class='flex_column av-av_one_half-2a64de42b738552fe666ca889af77e28 av_one_half  avia-builder-el-22  el_after_av_one_half  avia-builder-el-last  flex_column_div av-zero-column-padding  column-top-margin'     ><section  class='av_textblock_section av-av_textblock-35972167d9f102c5ddaec0c531c98b9e '   itemscope=\"itemscope\" itemtype=\"https:\/\/schema.org\/CreativeWork\" ><div class='avia_textblock'  itemprop=\"text\" ><p><strong>Durante la auditor\u00eda especial del impuesto sobre el volumen de ventas como parte negociadora competente con la Agencia Tributaria:<\/strong><\/p>\n<ul>\n<li>Thomas Jan, nuestro especialista en prestaciones internacionales, asesor fiscal y especialista en derecho fiscal internacional acude a varias auditor\u00edas especiales del impuesto sobre el volumen de ventas al a\u00f1o, de modo que sabe exactamente los puntos en los que se centra la Agencia Tributaria y c\u00f3mo debe negociarse con ella<\/li>\n<li>\u00a1En colaboraci\u00f3n con abogados expertos, defendemos eficazmente sus derechos para con la Agencia Tributaria!<\/li>\n<\/ul>\n<\/div><\/section><\/div>\n<\/div><\/div><\/div><!-- close content main div --><\/div><\/div><div id='after_section_2'  class='main_color av_default_container_wrap container_wrap fullsize'  ><div class='container av-section-cont-open' ><div class='template-page content  av-content-full alpha units'><div class='post-entry post-entry-type-page post-entry-685'><div class='entry-content-wrapper clearfix'><\/p>\n\n<style type=\"text\/css\" data-created_by=\"avia_inline_auto\" id=\"style-css-av-av_hr-93880b41331287540333d07f95a8006f\">\n#top .hr.hr-invisible.av-av_hr-93880b41331287540333d07f95a8006f{\nheight:1px;\n}\n<\/style>\n<div  class='hr av-av_hr-93880b41331287540333d07f95a8006f hr-invisible  avia-builder-el-24  el_after_av_section  avia-builder-el-no-sibling '><span class='hr-inner '><span class=\"hr-inner-style\"><\/span><\/span><\/div>\n","protected":false},"excerpt":{"rendered":"","protected":false},"author":1,"featured_media":0,"parent":682,"menu_order":5,"comment_status":"closed","ping_status":"closed","template":"","meta":{"footnotes":""},"class_list":["post-685","page","type-page","status-publish","hentry"],"_links":{"self":[{"href":"https:\/\/www.interfides.de\/es\/wp-json\/wp\/v2\/pages\/685","targetHints":{"allow":["GET"]}}],"collection":[{"href":"https:\/\/www.interfides.de\/es\/wp-json\/wp\/v2\/pages"}],"about":[{"href":"https:\/\/www.interfides.de\/es\/wp-json\/wp\/v2\/types\/page"}],"author":[{"embeddable":true,"href":"https:\/\/www.interfides.de\/es\/wp-json\/wp\/v2\/users\/1"}],"replies":[{"embeddable":true,"href":"https:\/\/www.interfides.de\/es\/wp-json\/wp\/v2\/comments?post=685"}],"version-history":[{"count":5,"href":"https:\/\/www.interfides.de\/es\/wp-json\/wp\/v2\/pages\/685\/revisions"}],"predecessor-version":[{"id":758,"href":"https:\/\/www.interfides.de\/es\/wp-json\/wp\/v2\/pages\/685\/revisions\/758"}],"up":[{"embeddable":true,"href":"https:\/\/www.interfides.de\/es\/wp-json\/wp\/v2\/pages\/682"}],"wp:attachment":[{"href":"https:\/\/www.interfides.de\/es\/wp-json\/wp\/v2\/media?parent=685"}],"curies":[{"name":"wp","href":"https:\/\/api.w.org\/{rel}","templated":true}]}}