{"id":698,"date":"2015-06-29T15:11:53","date_gmt":"2015-06-29T13:11:53","guid":{"rendered":"http:\/\/www.interfides.de\/schwerpunkte\/umsatzsteuer\/"},"modified":"2023-02-14T14:23:30","modified_gmt":"2023-02-14T13:23:30","slug":"impuesto-sobre-el-volumen-de-ventas","status":"publish","type":"page","link":"https:\/\/www.interfides.de\/es\/prioridades\/impuesto-sobre-el-volumen-de-ventas\/","title":{"rendered":"Impuesto sobre el volumen de ventas"},"content":{"rendered":"\n<style type=\"text\/css\" data-created_by=\"avia_inline_auto\" id=\"style-css-av-av_section-d466d872a6fa2b5aa28fce1a53eb691a\">\n.avia-section.av-av_section-d466d872a6fa2b5aa28fce1a53eb691a{\nbackground-repeat:no-repeat;\nbackground-image:url(https:\/\/www.interfides.de\/wp-content\/uploads\/2015\/06\/header_schwerpunkte.jpg);\nbackground-position:50% 50%;\nbackground-attachment:scroll;\n}\n<\/style>\n<div id='av_section_1'  class='avia-section av-av_section-d466d872a6fa2b5aa28fce1a53eb691a main_color avia-section-no-padding avia-no-border-styling  avia-builder-el-0  el_before_av_two_third  avia-builder-el-first  avia-full-stretch avia-bg-style-scroll av-minimum-height av-minimum-height-custom av-height-custom  container_wrap fullsize'  data-section-bg-repeat='stretch' data-av_minimum_height_px='230'><div class='container av-section-cont-open' style='height:230px'><main  role=\"main\" itemprop=\"mainContentOfPage\"  class='template-page content  av-content-full alpha units'><div class='post-entry post-entry-type-page post-entry-698'><div class='entry-content-wrapper clearfix'><\/div><\/div><\/main><!-- close content main element --><\/div><\/div><div id='after_section_1'  class='main_color av_default_container_wrap container_wrap fullsize'  ><div class='container av-section-cont-open' ><div class='template-page content  av-content-full alpha units'><div class='post-entry post-entry-type-page post-entry-698'><div class='entry-content-wrapper clearfix'>\n\n<style type=\"text\/css\" data-created_by=\"avia_inline_auto\" id=\"style-css-av-av_two_third-352b07ef7d3bc99b2e9f92e7a9e06bdb\">\n.flex_column.av-av_two_third-352b07ef7d3bc99b2e9f92e7a9e06bdb{\nborder-radius:0px 0px 0px 0px;\npadding:0px 0px 0px 0px;\n}\n<\/style>\n<div  class='flex_column av-av_two_third-352b07ef7d3bc99b2e9f92e7a9e06bdb av_two_third  avia-builder-el-1  el_after_av_section  el_before_av_one_third  avia-builder-el-first  first flex_column_div av-zero-column-padding  '     ><p>\n<style type=\"text\/css\" data-created_by=\"avia_inline_auto\" id=\"style-css-av-av_heading-4fef8ccc8a30d834bfbfb2af4fb13e9a\">\n#top .av-special-heading.av-av_heading-4fef8ccc8a30d834bfbfb2af4fb13e9a{\npadding-bottom:0;\n}\nbody .av-special-heading.av-av_heading-4fef8ccc8a30d834bfbfb2af4fb13e9a .av-special-heading-tag .heading-char{\nfont-size:25px;\n}\n.av-special-heading.av-av_heading-4fef8ccc8a30d834bfbfb2af4fb13e9a .av-subheading{\nfont-size:15px;\n}\n<\/style>\n<div  class='av-special-heading av-av_heading-4fef8ccc8a30d834bfbfb2af4fb13e9a av-special-heading-h1 blockquote modern-quote  avia-builder-el-2  el_before_av_hr  avia-builder-el-first '><h1 class='av-special-heading-tag '  itemprop=\"headline\"  >Impuesto sobre el volumen de ventas<\/h1><div class=\"special-heading-border\"><div class=\"special-heading-inner-border\"><\/div><\/div><\/div><br \/>\n\n<style type=\"text\/css\" data-created_by=\"avia_inline_auto\" id=\"style-css-av-av_hr-012673f305484e7803231721c4e67864\">\n#top .hr.av-av_hr-012673f305484e7803231721c4e67864{\nmargin-top:0px;\nmargin-bottom:20px;\n}\n.hr.av-av_hr-012673f305484e7803231721c4e67864 .hr-inner{\nwidth:60px;\nborder-color:#f47e1e;\n}\n<\/style>\n<div  class='hr av-av_hr-012673f305484e7803231721c4e67864 hr-custom  avia-builder-el-3  el_after_av_heading  el_before_av_textblock  hr-left hr-icon-no'><span class='hr-inner inner-border-av-border-fat'><span class=\"hr-inner-style\"><\/span><\/span><\/div><br \/>\n<section  class='av_textblock_section av-av_textblock-35972167d9f102c5ddaec0c531c98b9e '   itemscope=\"itemscope\" itemtype=\"https:\/\/schema.org\/CreativeWork\" ><div class='avia_textblock'  itemprop=\"text\" ><h2>\u00a1Los suministros y prestaciones de servicios transfronterizos hace tiempo que pasaron a formar parte del d\u00eda a d\u00eda de peque\u00f1as y medianas empresas!<\/h2>\n<p>El siguiente ejemplo debe ilustrarle c\u00f3mo le ayudamos a este respecto:<\/p>\n<\/div><\/section><\/p><\/div>\n\n<style type=\"text\/css\" data-created_by=\"avia_inline_auto\" id=\"style-css-av-le49ymlr-cf1fbc0179f61e80ad1f7fe6e7b33e0d\">\n.flex_column.av-le49ymlr-cf1fbc0179f61e80ad1f7fe6e7b33e0d{\nborder-radius:0px 0px 0px 0px;\npadding:10px 10px 10px 10px;\n}\n<\/style>\n<div  class='flex_column av-le49ymlr-cf1fbc0179f61e80ad1f7fe6e7b33e0d av_one_third  avia-builder-el-5  el_after_av_two_third  el_before_av_section  avia-builder-el-last  termin-kasten flex_column_div  '     ><p>\n<style type=\"text\/css\" data-created_by=\"avia_inline_auto\" id=\"style-css-av-av_heading-10a1e91ed23b0fa932c904d5ead66999\">\n#top .av-special-heading.av-av_heading-10a1e91ed23b0fa932c904d5ead66999{\npadding-bottom:0;\ncolor:#ffffff;\n}\nbody .av-special-heading.av-av_heading-10a1e91ed23b0fa932c904d5ead66999 .av-special-heading-tag .heading-char{\nfont-size:25px;\n}\n.av-special-heading.av-av_heading-10a1e91ed23b0fa932c904d5ead66999 .special-heading-inner-border{\nborder-color:#ffffff;\n}\n.av-special-heading.av-av_heading-10a1e91ed23b0fa932c904d5ead66999 .av-subheading{\nfont-size:15px;\n}\n<\/style>\n<div  class='av-special-heading av-av_heading-10a1e91ed23b0fa932c904d5ead66999 av-special-heading-h1 custom-color-heading blockquote modern-quote  avia-builder-el-6  el_before_av_hr  avia-builder-el-first '><h1 class='av-special-heading-tag '  itemprop=\"headline\"  >SOLICITE UNA CITA<\/h1><div class=\"special-heading-border\"><div class=\"special-heading-inner-border\"><\/div><\/div><\/div><br \/>\n\n<style type=\"text\/css\" data-created_by=\"avia_inline_auto\" id=\"style-css-av-av_hr-cf28bcd94edc3388d0b97a55ad08a3b6\">\n#top .hr.av-av_hr-cf28bcd94edc3388d0b97a55ad08a3b6{\nmargin-top:0px;\nmargin-bottom:0px;\n}\n.hr.av-av_hr-cf28bcd94edc3388d0b97a55ad08a3b6 .hr-inner{\nwidth:60px;\nborder-color:#f47e1e;\n}\n<\/style>\n<div  class='hr av-av_hr-cf28bcd94edc3388d0b97a55ad08a3b6 hr-custom  avia-builder-el-7  el_after_av_heading  el_before_av_icon_box  hr-left hr-icon-no'><span class='hr-inner inner-border-av-border-fat'><span class=\"hr-inner-style\"><\/span><\/span><\/div><br \/>\n\n<style type=\"text\/css\" data-created_by=\"avia_inline_auto\" id=\"style-css-av-le49yvcn-1990b8080eb13561f8fbe956cb0044db\">\n.iconbox.av-le49yvcn-1990b8080eb13561f8fbe956cb0044db .iconbox_icon{\ncolor:#ffffff;\n}\n.iconbox.av-le49yvcn-1990b8080eb13561f8fbe956cb0044db .iconbox_icon.avia-svg-icon svg:first-child{\nfill:#ffffff;\nstroke:#ffffff;\n}\n#top #wrap_all .iconbox.av-le49yvcn-1990b8080eb13561f8fbe956cb0044db .iconbox_content_title{\ncolor:#ffffff;\n}\n.iconbox.av-le49yvcn-1990b8080eb13561f8fbe956cb0044db .iconbox_content_container{\ncolor:#ffffff;\n}\n<\/style>\n<article  class='iconbox iconbox_left av-le49yvcn-1990b8080eb13561f8fbe956cb0044db  avia-builder-el-8  el_after_av_hr  el_before_av_button '  itemscope=\"itemscope\" itemtype=\"https:\/\/schema.org\/CreativeWork\" ><div class=\"iconbox_content\"><header class=\"entry-content-header\" aria-label=\"Icon: 0049-(0)89-7256038\"><div class='iconbox_icon heading-color avia-iconfont avia-font-entypo-fontello' data-av_icon='' data-av_iconfont='entypo-fontello' title=\"0049-(0)89-7256038\" desc=\"0049-(0)89-7256038\" ><\/div><h3 class='iconbox_content_title '  itemprop=\"headline\" ><a href='tel:0049897256038' title='0049-(0)89-7256038'  >0049-(0)89-7256038<\/a><\/h3><\/header><div class='iconbox_content_container av_inherit_color'  itemprop=\"text\" ><\/div><\/div><footer class=\"entry-footer\"><\/footer><\/article><br \/>\n<div  class='avia-button-wrap av-av_button-86070e76eba537cdf23309b3be8f1dd9-wrap avia-button-center  avia-builder-el-9  el_after_av_icon_box  avia-builder-el-last  termin-button'>\n<style type=\"text\/css\" data-created_by=\"avia_inline_auto\" id=\"style-css-av-av_button-86070e76eba537cdf23309b3be8f1dd9\">\n#top #wrap_all .avia-button.av-av_button-86070e76eba537cdf23309b3be8f1dd9{\nbackground-color:#ffffff;\nborder-color:#ffffff;\ncolor:#f47e1e;\ntransition:all 0.4s ease-in-out;\n}\n#top #wrap_all .avia-button.av-av_button-86070e76eba537cdf23309b3be8f1dd9 .avia-svg-icon svg:first-child{\nfill:#f47e1e;\nstroke:#f47e1e;\n}\n<\/style>\n<a href='https:\/\/www.interfides.de\/es\/contacto\/'  class='avia-button av-av_button-86070e76eba537cdf23309b3be8f1dd9 av-link-btn avia-icon_select-no avia-size-medium avia-position-center'   aria-label=\"Pedir una cita\"><span class='avia_iconbox_title' >Pedir una cita<\/span><\/a><\/div><\/p><\/div><\/div><\/div><\/div><!-- close content main div --><\/div><\/div><div id='orange-hintergrund'  class='avia-section av-av_section-b742289176ef86a7c7093e7a3937ce31 main_color avia-section-default avia-no-shadow  avia-builder-el-10  el_after_av_one_third  el_before_av_hr  avia-bg-style-scroll container_wrap fullsize'  ><div class='container av-section-cont-open' ><div class='template-page content  av-content-full alpha units'><div class='post-entry post-entry-type-page post-entry-698'><div class='entry-content-wrapper clearfix'>\n<section  class='av_textblock_section av-av_textblock-35972167d9f102c5ddaec0c531c98b9e '   itemscope=\"itemscope\" itemtype=\"https:\/\/schema.org\/CreativeWork\" ><div class='avia_textblock'  itemprop=\"text\" ><p>La compa\u00f1\u00eda italiana Rossi Srl es un prestigioso fabricante de productos alimenticios. Ahora Rossi tambi\u00e9n desea adentrarse en el mercado alem\u00e1n. Para ello realizar\u00e1 los suministros directamente desde su sede en Italia, pero tambi\u00e9n a trav\u00e9s de un proveedor externo en Italia y Alemania, as\u00ed como a otros pa\u00edses como Austria y B\u00e9lgica.<\/p>\n<p>Adem\u00e1s, Rossi Srl tambi\u00e9n desea facturar sus servicios en forma de servicios de consulta en Italia y Alemania.<\/p>\n<p>El Know-how para este proyecto ya existe, pero \u00bfqu\u00e9 hay de <strong>los conocimientos en torno al impuesto sobre el volumen de ventas para la correcta facturaci\u00f3n?<\/strong><\/p>\n<p>Gracias a nuestro enfoque sobre las compa\u00f1\u00edas extranjeras contamos con <strong>los conocimientos profesionales<\/strong> necesarios para ello, por lo que le ayudaremos con su proyecto en Alemania discutiendo con usted, entre otras cosas, las siguientes cuestiones:<\/p>\n<p>1. \u00bfEs m\u00e1s razonable establecer un almac\u00e9n, una oficina o una sociedad de responsabilidad limitada (GmbH) en Alemania?<\/p>\n<p>2. \u00bfC\u00f3mo deben elaborarse las facturas para los proveedores procedentes de diferentes pa\u00edses y para los clientes finales con respecto al impuesto sobre el volumen de ventas? \u00bfQu\u00e9 ocurre si se vende mercanc\u00eda de varios seguidos, pero la mercanc\u00eda se entrega directamente desde el primer proveedor al cliente final (transacciones en cadena\/operaciones triangulares)? \u00a1Si no se cumplen estos criterios pueden originarse elevado pagos posteriores del impuesto sobre el volumen de ventas!<\/p>\n<p>3. Devoluci\u00f3n del impuesto soportado: \u00bfc\u00f3mo puede reembolsarse el IVA abonado en Alemania (p. ej. hotel, facturas de gasolina o prestaciones feriales)?<\/p>\n<\/div><\/section>\n<\/div><\/div><\/div><!-- close content main div --><\/div><\/div><div id='after_section_2'  class='main_color av_default_container_wrap container_wrap fullsize'  ><div class='container av-section-cont-open' ><div class='template-page content  av-content-full alpha units'><div class='post-entry post-entry-type-page post-entry-698'><div class='entry-content-wrapper clearfix'><\/p>\n\n<style type=\"text\/css\" data-created_by=\"avia_inline_auto\" id=\"style-css-av-av_hr-93880b41331287540333d07f95a8006f\">\n#top .hr.hr-invisible.av-av_hr-93880b41331287540333d07f95a8006f{\nheight:1px;\n}\n<\/style>\n<div  class='hr av-av_hr-93880b41331287540333d07f95a8006f hr-invisible  avia-builder-el-12  el_after_av_section  avia-builder-el-no-sibling '><span class='hr-inner '><span class=\"hr-inner-style\"><\/span><\/span><\/div>\n","protected":false},"excerpt":{"rendered":"","protected":false},"author":1,"featured_media":0,"parent":682,"menu_order":20,"comment_status":"closed","ping_status":"closed","template":"","meta":{"footnotes":""},"class_list":["post-698","page","type-page","status-publish","hentry"],"_links":{"self":[{"href":"https:\/\/www.interfides.de\/es\/wp-json\/wp\/v2\/pages\/698","targetHints":{"allow":["GET"]}}],"collection":[{"href":"https:\/\/www.interfides.de\/es\/wp-json\/wp\/v2\/pages"}],"about":[{"href":"https:\/\/www.interfides.de\/es\/wp-json\/wp\/v2\/types\/page"}],"author":[{"embeddable":true,"href":"https:\/\/www.interfides.de\/es\/wp-json\/wp\/v2\/users\/1"}],"replies":[{"embeddable":true,"href":"https:\/\/www.interfides.de\/es\/wp-json\/wp\/v2\/comments?post=698"}],"version-history":[{"count":5,"href":"https:\/\/www.interfides.de\/es\/wp-json\/wp\/v2\/pages\/698\/revisions"}],"predecessor-version":[{"id":766,"href":"https:\/\/www.interfides.de\/es\/wp-json\/wp\/v2\/pages\/698\/revisions\/766"}],"up":[{"embeddable":true,"href":"https:\/\/www.interfides.de\/es\/wp-json\/wp\/v2\/pages\/682"}],"wp:attachment":[{"href":"https:\/\/www.interfides.de\/es\/wp-json\/wp\/v2\/media?parent=698"}],"curies":[{"name":"wp","href":"https:\/\/api.w.org\/{rel}","templated":true}]}}