{"id":624,"date":"2015-06-29T15:07:02","date_gmt":"2015-06-29T13:07:02","guid":{"rendered":"http:\/\/www.interfides.de\/unsere-kanzlei\/unser-team\/"},"modified":"2021-10-29T11:59:04","modified_gmt":"2021-10-29T09:59:04","slug":"notre-equipe","status":"publish","type":"page","link":"https:\/\/www.interfides.de\/fr\/notre-cabinet\/notre-equipe\/","title":{"rendered":"Notre \u00e9quipe"},"content":{"rendered":"\n<style type=\"text\/css\" data-created_by=\"avia_inline_auto\" id=\"style-css-av-21fpbk-e58a7768a49df0e79cc4da9fbd144aec\">\n.avia-section.av-21fpbk-e58a7768a49df0e79cc4da9fbd144aec{\nbackground-repeat:no-repeat;\nbackground-image:url(https:\/\/www.interfides.de\/wp-content\/uploads\/2015\/07\/header_kanzlei.jpg);\nbackground-position:50% 50%;\nbackground-attachment:scroll;\n}\n<\/style>\n<div id='av_section_1'  class='avia-section av-21fpbk-e58a7768a49df0e79cc4da9fbd144aec main_color avia-section-no-padding avia-no-border-styling  avia-builder-el-0  el_before_av_heading  avia-builder-el-first  avia-full-stretch avia-bg-style-scroll av-minimum-height av-minimum-height-custom av-height-custom  container_wrap fullsize'  data-section-bg-repeat='stretch' data-av_minimum_height_px='230'><div class='container av-section-cont-open' style='height:230px'><main  role=\"main\" itemprop=\"mainContentOfPage\"  class='template-page content  av-content-full alpha units'><div class='post-entry post-entry-type-page post-entry-624'><div class='entry-content-wrapper clearfix'><\/div><\/div><\/main><!-- close content main element --><\/div><\/div><div id='after_section_1'  class='main_color av_default_container_wrap container_wrap fullsize'  ><div class='container av-section-cont-open' ><div class='template-page content  av-content-full alpha units'><div class='post-entry post-entry-type-page post-entry-624'><div class='entry-content-wrapper clearfix'>\n\n<style type=\"text\/css\" data-created_by=\"avia_inline_auto\" id=\"style-css-av-b5mtc-ea2ba2d22d1cf011f92ac35b7778d12f\">\n#top .av-special-heading.av-b5mtc-ea2ba2d22d1cf011f92ac35b7778d12f{\npadding-bottom:0;\n}\nbody .av-special-heading.av-b5mtc-ea2ba2d22d1cf011f92ac35b7778d12f .av-special-heading-tag .heading-char{\nfont-size:25px;\n}\n.av-special-heading.av-b5mtc-ea2ba2d22d1cf011f92ac35b7778d12f .av-subheading{\nfont-size:15px;\n}\n<\/style>\n<div  class='av-special-heading av-b5mtc-ea2ba2d22d1cf011f92ac35b7778d12f av-special-heading-h1 blockquote modern-quote  avia-builder-el-1  el_after_av_section  el_before_av_hr  avia-builder-el-first '><h1 class='av-special-heading-tag '  itemprop=\"headline\"  >Notre \u00e9quipe<\/h1><div class=\"special-heading-border\"><div class=\"special-heading-inner-border\"><\/div><\/div><\/div>\n\n<style type=\"text\/css\" data-created_by=\"avia_inline_auto\" id=\"style-css-av-69cd4-9bf8c6cd316f9ed55360216f1c1a05ad\">\n#top .hr.av-69cd4-9bf8c6cd316f9ed55360216f1c1a05ad{\nmargin-top:0px;\nmargin-bottom:20px;\n}\n.hr.av-69cd4-9bf8c6cd316f9ed55360216f1c1a05ad .hr-inner{\nwidth:60px;\nborder-color:#f47e1e;\n}\n<\/style>\n<div  class='hr av-69cd4-9bf8c6cd316f9ed55360216f1c1a05ad hr-custom  avia-builder-el-2  el_after_av_heading  el_before_av_image  hr-left hr-icon-no'><span class='hr-inner inner-border-av-border-fat'><span class=\"hr-inner-style\"><\/span><\/span><\/div>\n\n<style type=\"text\/css\" data-created_by=\"avia_inline_auto\" id=\"style-css-av-ku41290l-66ba5eb3608b907dc369837d6098d7ae\">\n.avia-image-container.av-ku41290l-66ba5eb3608b907dc369837d6098d7ae img.avia_image{\nbox-shadow:none;\n}\n.avia-image-container.av-ku41290l-66ba5eb3608b907dc369837d6098d7ae .av-image-caption-overlay-center{\ncolor:#ffffff;\n}\n<\/style>\n<div  class='avia-image-container av-ku41290l-66ba5eb3608b907dc369837d6098d7ae av-styling-no-styling avia-align-center  avia-builder-el-3  el_after_av_hr  el_before_av_hr '   itemprop=\"image\" itemscope=\"itemscope\" itemtype=\"https:\/\/schema.org\/ImageObject\" ><div class=\"avia-image-container-inner\"><div class=\"avia-image-overlay-wrap\"><img decoding=\"async\" fetchpriority=\"high\" class='wp-image-1527 avia-img-lazy-loading-not-1527 avia_image ' src=\"https:\/\/www.interfides.de\/wp-content\/uploads\/2021\/09\/20210928_interfides_team01.jpg\" alt='' title='Interfides Team'  height=\"409\" width=\"900\"  itemprop=\"thumbnailUrl\" srcset=\"https:\/\/www.interfides.de\/wp-content\/uploads\/2021\/09\/20210928_interfides_team01.jpg 900w, https:\/\/www.interfides.de\/wp-content\/uploads\/2021\/09\/20210928_interfides_team01-300x136.jpg 300w, https:\/\/www.interfides.de\/wp-content\/uploads\/2021\/09\/20210928_interfides_team01-768x349.jpg 768w, https:\/\/www.interfides.de\/wp-content\/uploads\/2021\/09\/20210928_interfides_team01-705x320.jpg 705w, https:\/\/www.interfides.de\/wp-content\/uploads\/2021\/09\/20210928_interfides_team01-450x205.jpg 450w\" sizes=\"(max-width: 900px) 100vw, 900px\" \/><\/div><\/div><\/div>\n\n<style type=\"text\/css\" data-created_by=\"avia_inline_auto\" id=\"style-css-av-1n5668-cea84da6670a793a6b633346135c550a\">\n#top .hr.hr-invisible.av-1n5668-cea84da6670a793a6b633346135c550a{\nheight:20px;\n}\n<\/style>\n<div  class='hr av-1n5668-cea84da6670a793a6b633346135c550a hr-invisible  avia-builder-el-4  el_after_av_image  el_before_av_textblock '><span class='hr-inner '><span class=\"hr-inner-style\"><\/span><\/span><\/div>\n<section  class='av_textblock_section av-kv2ic28c-974ce1eb777c0c51db8a0da0874dc224 '   itemscope=\"itemscope\" itemtype=\"https:\/\/schema.org\/CreativeWork\" ><div class='avia_textblock'  itemprop=\"text\" ><p>Avec le cabinet de conseil fiscal Interfides, nous mettons \u00e0 votre disposition les ann\u00e9es d\u2019exp\u00e9rience des directeurs Andreas et Thomas Jan. Les comp\u00e9tences sp\u00e9cifiques de notre \u00e9quipe d\u2019experts vous assurent des conseils efficaces et avis\u00e9s.<\/p>\n<p>Nous prodiguons nos conseils d\u2019experts r\u00e9pondant \u00e0 vos besoins dans les domaines suivants\u00a0:<\/p>\n<\/div><\/section>\n\n<style type=\"text\/css\" data-created_by=\"avia_inline_auto\" id=\"style-css-av-kp96o-be049d9fbb2e7d17ac13a2af55f7d8d7\">\n#top .flex_column.av-kp96o-be049d9fbb2e7d17ac13a2af55f7d8d7{\nmargin-top:0px;\nmargin-bottom:0px;\n}\n.flex_column.av-kp96o-be049d9fbb2e7d17ac13a2af55f7d8d7{\nborder-radius:0px 0px 0px 0px;\npadding:0px 0px 0px 0px;\n}\n.responsive #top #wrap_all .flex_column.av-kp96o-be049d9fbb2e7d17ac13a2af55f7d8d7{\nmargin-top:0px;\nmargin-bottom:0px;\n}\n<\/style>\n<div  class='flex_column av-kp96o-be049d9fbb2e7d17ac13a2af55f7d8d7 av_one_half  avia-builder-el-6  el_after_av_textblock  el_before_av_one_half  first flex_column_div av-zero-column-padding  column-top-margin'     ><section  class='av_textblock_section av-kv2ici5u-f4805e279997ee4ceb26fc4dfcbf88ef '   itemscope=\"itemscope\" itemtype=\"https:\/\/schema.org\/CreativeWork\" ><div class='avia_textblock'  itemprop=\"text\" ><p>Domaines\u00a0:<\/p>\n<p>Fiches de paie dans le secteur du b\u00e2timent<br \/>\nEntreprises du b\u00e2timent<br \/>\nConseils pour les mandataires \u00e9trangers<br \/>\nFinancement<br \/>\nGastronomie<br \/>\nMandataires internationaux<br \/>\nDroit fiscal international<br \/>\nGestion des liquidit\u00e9s dans les affaires trait\u00e9es en liquide<br \/>\nFiches de paie<br \/>\nAction judiciaire et recours<br \/>\nFiliales de groupes \u00e9trangers<br \/>\nChiffre d\u2019affaires<\/p>\n<\/div><\/section><\/div>\n<style type=\"text\/css\" data-created_by=\"avia_inline_auto\" id=\"style-css-av-dkuh4-925b2b0839996636168121e6eb93d9e1\">\n#top .flex_column.av-dkuh4-925b2b0839996636168121e6eb93d9e1{\nmargin-top:0px;\nmargin-bottom:0px;\n}\n.flex_column.av-dkuh4-925b2b0839996636168121e6eb93d9e1{\nborder-radius:0px 0px 0px 0px;\npadding:0px 0px 0px 0px;\n}\n.responsive #top #wrap_all .flex_column.av-dkuh4-925b2b0839996636168121e6eb93d9e1{\nmargin-top:0px;\nmargin-bottom:0px;\n}\n<\/style>\n<div  class='flex_column av-dkuh4-925b2b0839996636168121e6eb93d9e1 av_one_half  avia-builder-el-8  el_after_av_one_half  avia-builder-el-last  flex_column_div av-zero-column-padding  column-top-margin'     ><section  class='av_textblock_section av-kv2idxdw-f5328f5638ddf1d8565b64ca313b5381 '   itemscope=\"itemscope\" itemtype=\"https:\/\/schema.org\/CreativeWork\" ><div class='avia_textblock'  itemprop=\"text\" ><p>Langues :<\/p>\n<p>Allemand<br \/>\nAnglais<br \/>\nFran\u00e7ais<br \/>\nItalien<br \/>\nPolonais<br \/>\nPortugais<br \/>\nEspagnol<\/p>\n<\/div><\/section><\/div><\/p>\n","protected":false},"excerpt":{"rendered":"","protected":false},"author":1,"featured_media":0,"parent":618,"menu_order":10,"comment_status":"closed","ping_status":"closed","template":"","meta":{"footnotes":""},"class_list":["post-624","page","type-page","status-publish","hentry"],"_links":{"self":[{"href":"https:\/\/www.interfides.de\/fr\/wp-json\/wp\/v2\/pages\/624","targetHints":{"allow":["GET"]}}],"collection":[{"href":"https:\/\/www.interfides.de\/fr\/wp-json\/wp\/v2\/pages"}],"about":[{"href":"https:\/\/www.interfides.de\/fr\/wp-json\/wp\/v2\/types\/page"}],"author":[{"embeddable":true,"href":"https:\/\/www.interfides.de\/fr\/wp-json\/wp\/v2\/users\/1"}],"replies":[{"embeddable":true,"href":"https:\/\/www.interfides.de\/fr\/wp-json\/wp\/v2\/comments?post=624"}],"version-history":[{"count":10,"href":"https:\/\/www.interfides.de\/fr\/wp-json\/wp\/v2\/pages\/624\/revisions"}],"predecessor-version":[{"id":1525,"href":"https:\/\/www.interfides.de\/fr\/wp-json\/wp\/v2\/pages\/624\/revisions\/1525"}],"up":[{"embeddable":true,"href":"https:\/\/www.interfides.de\/fr\/wp-json\/wp\/v2\/pages\/618"}],"wp:attachment":[{"href":"https:\/\/www.interfides.de\/fr\/wp-json\/wp\/v2\/media?parent=624"}],"curies":[{"name":"wp","href":"https:\/\/api.w.org\/{rel}","templated":true}]}}