{"id":647,"date":"2015-06-29T15:08:46","date_gmt":"2015-06-29T13:08:46","guid":{"rendered":"http:\/\/www.interfides.de\/services\/buchfuehrung-und-jahresabschluss\/"},"modified":"2023-02-14T13:44:45","modified_gmt":"2023-02-14T12:44:45","slug":"comptabilite-analytique-et-bilan-annuel","status":"publish","type":"page","link":"https:\/\/www.interfides.de\/fr\/performances\/comptabilite-analytique-et-bilan-annuel\/","title":{"rendered":"Comptabilit\u00e9 analytique et bilan annuel"},"content":{"rendered":"\n<style type=\"text\/css\" data-created_by=\"avia_inline_auto\" id=\"style-css-av-av_section-5feafc145776297cd272ba26b51de4f8\">\n.avia-section.av-av_section-5feafc145776297cd272ba26b51de4f8{\nbackground-repeat:no-repeat;\nbackground-image:url(https:\/\/www.interfides.de\/wp-content\/uploads\/2015\/06\/header_leistungen.jpg);\nbackground-position:50% 50%;\nbackground-attachment:scroll;\n}\n<\/style>\n<div id='av_section_1'  class='avia-section av-av_section-5feafc145776297cd272ba26b51de4f8 main_color avia-section-no-padding avia-no-border-styling  avia-builder-el-0  el_before_av_two_third  avia-builder-el-first  avia-full-stretch avia-bg-style-scroll av-minimum-height av-minimum-height-custom av-height-custom  container_wrap fullsize'  data-section-bg-repeat='stretch' data-av_minimum_height_px='230'><div class='container av-section-cont-open' style='height:230px'><main  role=\"main\" itemprop=\"mainContentOfPage\"  class='template-page content  av-content-full alpha units'><div class='post-entry post-entry-type-page post-entry-647'><div class='entry-content-wrapper clearfix'><\/div><\/div><\/main><!-- close content main element --><\/div><\/div><div id='after_section_1'  class='main_color av_default_container_wrap container_wrap fullsize'  ><div class='container av-section-cont-open' ><div class='template-page content  av-content-full alpha units'><div class='post-entry post-entry-type-page post-entry-647'><div class='entry-content-wrapper clearfix'>\n\n<style type=\"text\/css\" data-created_by=\"avia_inline_auto\" id=\"style-css-av-av_two_third-352b07ef7d3bc99b2e9f92e7a9e06bdb\">\n.flex_column.av-av_two_third-352b07ef7d3bc99b2e9f92e7a9e06bdb{\nborder-radius:0px 0px 0px 0px;\npadding:0px 0px 0px 0px;\n}\n<\/style>\n<div  class='flex_column av-av_two_third-352b07ef7d3bc99b2e9f92e7a9e06bdb av_two_third  avia-builder-el-1  el_after_av_section  el_before_av_one_third  avia-builder-el-first  first flex_column_div av-zero-column-padding  '     ><p>\n<style type=\"text\/css\" data-created_by=\"avia_inline_auto\" id=\"style-css-av-av_heading-d0c910b415f11b7658be036b22203f34\">\n#top .av-special-heading.av-av_heading-d0c910b415f11b7658be036b22203f34{\npadding-bottom:0;\n}\nbody .av-special-heading.av-av_heading-d0c910b415f11b7658be036b22203f34 .av-special-heading-tag .heading-char{\nfont-size:25px;\n}\n.av-special-heading.av-av_heading-d0c910b415f11b7658be036b22203f34 .av-subheading{\nfont-size:15px;\n}\n<\/style>\n<div  class='av-special-heading av-av_heading-d0c910b415f11b7658be036b22203f34 av-special-heading-h1 blockquote modern-quote  avia-builder-el-2  el_before_av_hr  avia-builder-el-first '><h1 class='av-special-heading-tag '  itemprop=\"headline\"  >Comptabilit\u00e9 analytique et bilan annuel<\/h1><div class=\"special-heading-border\"><div class=\"special-heading-inner-border\"><\/div><\/div><\/div><br \/>\n\n<style type=\"text\/css\" data-created_by=\"avia_inline_auto\" id=\"style-css-av-av_hr-012673f305484e7803231721c4e67864\">\n#top .hr.av-av_hr-012673f305484e7803231721c4e67864{\nmargin-top:0px;\nmargin-bottom:20px;\n}\n.hr.av-av_hr-012673f305484e7803231721c4e67864 .hr-inner{\nwidth:60px;\nborder-color:#f47e1e;\n}\n<\/style>\n<div  class='hr av-av_hr-012673f305484e7803231721c4e67864 hr-custom  avia-builder-el-3  el_after_av_heading  el_before_av_textblock  hr-left hr-icon-no'><span class='hr-inner inner-border-av-border-fat'><span class=\"hr-inner-style\"><\/span><\/span><\/div><br \/>\n<section  class='av_textblock_section av-av_textblock-35972167d9f102c5ddaec0c531c98b9e '   itemscope=\"itemscope\" itemtype=\"https:\/\/schema.org\/CreativeWork\" ><div class='avia_textblock'  itemprop=\"text\" ><p>Nos employ\u00e9s vous fournissent un relev\u00e9 parfaitement coordonn\u00e9, transparent, chronologique et class\u00e9 par mati\u00e8re de toutes vos op\u00e9rations commerciales et du bilan annuel de l&rsquo;exercice s&rsquo;y rapportant.<br \/>\nDonc tout ce qui est:<\/p>\n<ul>\n<li>Comptabilit\u00e9 mensuelle<\/li>\n<li>D\u00e9clarations provisoires mensuelles et trimestrielles de TVA<\/li>\n<li>D\u00e9clarations r\u00e9capitulatives et INTRASTAT<\/li>\n<li>\u00c9laboration des \u00e9valuations suivantes:\n<ul>\n<li>Liste des sommes et soldes<\/li>\n<li>\u00c9valuation commerciale<\/li>\n<li>Comptabilit\u00e9 par centre de co\u00fbts<\/li>\n<li>Gestion, d\u00e9biteurs et cr\u00e9anciers<\/li>\n<li>Autres \u00e9valuations de controlling suivant les prescriptions du groupe dans diff\u00e9rentes langues<\/li>\n<\/ul>\n<\/li>\n<li>Comptabilit\u00e9 li\u00e9e aux immobilisations, d\u00e9biteurs et cr\u00e9anciers<\/li>\n<li>Bilans annuels suivant le Code de commerce allemand (HGB), les normes NIIF et transition du bilan commercial au bilan pour les besoins du contr\u00f4le fiscal<\/li>\n<\/ul>\n<\/div><\/section><\/p><\/div>\n\n<style type=\"text\/css\" data-created_by=\"avia_inline_auto\" id=\"style-css-av-le48ku3q-b164b0ebb363bb9a822d4c6d389a79bb\">\n.flex_column.av-le48ku3q-b164b0ebb363bb9a822d4c6d389a79bb{\nborder-radius:0px 0px 0px 0px;\npadding:10px 10px 10px 10px;\n}\n<\/style>\n<div  class='flex_column av-le48ku3q-b164b0ebb363bb9a822d4c6d389a79bb av_one_third  avia-builder-el-5  el_after_av_two_third  avia-builder-el-last  termin-kasten flex_column_div  '     ><p>\n<style type=\"text\/css\" data-created_by=\"avia_inline_auto\" id=\"style-css-av-av_heading-d570e71bac77d8bda180933e0d31496b\">\n#top .av-special-heading.av-av_heading-d570e71bac77d8bda180933e0d31496b{\npadding-bottom:0;\ncolor:#ffffff;\n}\nbody .av-special-heading.av-av_heading-d570e71bac77d8bda180933e0d31496b .av-special-heading-tag .heading-char{\nfont-size:25px;\n}\n.av-special-heading.av-av_heading-d570e71bac77d8bda180933e0d31496b .special-heading-inner-border{\nborder-color:#ffffff;\n}\n.av-special-heading.av-av_heading-d570e71bac77d8bda180933e0d31496b .av-subheading{\nfont-size:15px;\n}\n<\/style>\n<div  class='av-special-heading av-av_heading-d570e71bac77d8bda180933e0d31496b av-special-heading-h1 custom-color-heading blockquote modern-quote  avia-builder-el-6  el_before_av_hr  avia-builder-el-first '><h1 class='av-special-heading-tag '  itemprop=\"headline\"  >CONVENEZ D\u2019UN RENDEZ-VOUS<\/h1><div class=\"special-heading-border\"><div class=\"special-heading-inner-border\"><\/div><\/div><\/div><br \/>\n\n<style type=\"text\/css\" data-created_by=\"avia_inline_auto\" id=\"style-css-av-av_hr-cf28bcd94edc3388d0b97a55ad08a3b6\">\n#top .hr.av-av_hr-cf28bcd94edc3388d0b97a55ad08a3b6{\nmargin-top:0px;\nmargin-bottom:0px;\n}\n.hr.av-av_hr-cf28bcd94edc3388d0b97a55ad08a3b6 .hr-inner{\nwidth:60px;\nborder-color:#f47e1e;\n}\n<\/style>\n<div  class='hr av-av_hr-cf28bcd94edc3388d0b97a55ad08a3b6 hr-custom  avia-builder-el-7  el_after_av_heading  el_before_av_icon_box  hr-left hr-icon-no'><span class='hr-inner inner-border-av-border-fat'><span class=\"hr-inner-style\"><\/span><\/span><\/div><br \/>\n\n<style type=\"text\/css\" data-created_by=\"avia_inline_auto\" id=\"style-css-av-le48l2hi-8e7aea322e49e6945bc69479eb7968d8\">\n.iconbox.av-le48l2hi-8e7aea322e49e6945bc69479eb7968d8 .iconbox_icon{\ncolor:#ffffff;\n}\n.iconbox.av-le48l2hi-8e7aea322e49e6945bc69479eb7968d8 .iconbox_icon.avia-svg-icon svg:first-child{\nfill:#ffffff;\nstroke:#ffffff;\n}\n#top #wrap_all .iconbox.av-le48l2hi-8e7aea322e49e6945bc69479eb7968d8 .iconbox_content_title{\ncolor:#ffffff;\n}\n.iconbox.av-le48l2hi-8e7aea322e49e6945bc69479eb7968d8 .iconbox_content_container{\ncolor:#ffffff;\n}\n<\/style>\n<article  class='iconbox iconbox_left av-le48l2hi-8e7aea322e49e6945bc69479eb7968d8  avia-builder-el-8  el_after_av_hr  el_before_av_button '  itemscope=\"itemscope\" itemtype=\"https:\/\/schema.org\/CreativeWork\" ><div class=\"iconbox_content\"><header class=\"entry-content-header\" aria-label=\"Ic\u00f4ne : 0049-(0)89-7256038\"><div class='iconbox_icon heading-color avia-iconfont avia-font-entypo-fontello' data-av_icon='' data-av_iconfont='entypo-fontello' title=\"0049-(0)89-7256038\" desc=\"0049-(0)89-7256038\" ><\/div><h3 class='iconbox_content_title '  itemprop=\"headline\" ><a href='tel:0049897256038' title='0049-(0)89-7256038'  >0049-(0)89-7256038<\/a><\/h3><\/header><div class='iconbox_content_container av_inherit_color'  itemprop=\"text\" ><\/div><\/div><footer class=\"entry-footer\"><\/footer><\/article><br \/>\n<div  class='avia-button-wrap av-av_button-bac24761dde730531a430501fd0d82bb-wrap avia-button-center  avia-builder-el-9  el_after_av_icon_box  avia-builder-el-last  termin-button'>\n<style type=\"text\/css\" data-created_by=\"avia_inline_auto\" id=\"style-css-av-av_button-bac24761dde730531a430501fd0d82bb\">\n#top #wrap_all .avia-button.av-av_button-bac24761dde730531a430501fd0d82bb{\nbackground-color:#ffffff;\nborder-color:#ffffff;\ncolor:#f47e1e;\ntransition:all 0.4s ease-in-out;\n}\n#top #wrap_all .avia-button.av-av_button-bac24761dde730531a430501fd0d82bb .avia-svg-icon svg:first-child{\nfill:#f47e1e;\nstroke:#f47e1e;\n}\n<\/style>\n<a href='https:\/\/www.interfides.de\/fr\/contact\/'  class='avia-button av-av_button-bac24761dde730531a430501fd0d82bb av-link-btn avia-icon_select-no avia-size-medium avia-position-center'   aria-label=\"Prendre rendez-vous\"><span class='avia_iconbox_title' >Prendre rendez-vous<\/span><\/a><\/div><\/p><\/div>\n","protected":false},"excerpt":{"rendered":"","protected":false},"author":1,"featured_media":0,"parent":637,"menu_order":10,"comment_status":"closed","ping_status":"closed","template":"","meta":{"footnotes":""},"class_list":["post-647","page","type-page","status-publish","hentry"],"_links":{"self":[{"href":"https:\/\/www.interfides.de\/fr\/wp-json\/wp\/v2\/pages\/647","targetHints":{"allow":["GET"]}}],"collection":[{"href":"https:\/\/www.interfides.de\/fr\/wp-json\/wp\/v2\/pages"}],"about":[{"href":"https:\/\/www.interfides.de\/fr\/wp-json\/wp\/v2\/types\/page"}],"author":[{"embeddable":true,"href":"https:\/\/www.interfides.de\/fr\/wp-json\/wp\/v2\/users\/1"}],"replies":[{"embeddable":true,"href":"https:\/\/www.interfides.de\/fr\/wp-json\/wp\/v2\/comments?post=647"}],"version-history":[{"count":10,"href":"https:\/\/www.interfides.de\/fr\/wp-json\/wp\/v2\/pages\/647\/revisions"}],"predecessor-version":[{"id":667,"href":"https:\/\/www.interfides.de\/fr\/wp-json\/wp\/v2\/pages\/647\/revisions\/667"}],"up":[{"embeddable":true,"href":"https:\/\/www.interfides.de\/fr\/wp-json\/wp\/v2\/pages\/637"}],"wp:attachment":[{"href":"https:\/\/www.interfides.de\/fr\/wp-json\/wp\/v2\/media?parent=647"}],"curies":[{"name":"wp","href":"https:\/\/api.w.org\/{rel}","templated":true}]}}