{"id":669,"date":"2015-06-29T15:09:19","date_gmt":"2015-06-29T13:09:19","guid":{"rendered":"http:\/\/www.interfides.de\/services\/lohn-und-gehaltsabrechnung\/"},"modified":"2023-02-14T13:45:28","modified_gmt":"2023-02-14T12:45:28","slug":"bulletins-de-salaire","status":"publish","type":"page","link":"https:\/\/www.interfides.de\/fr\/performances\/bulletins-de-salaire\/","title":{"rendered":"Bulletins de salaire"},"content":{"rendered":"\n<style type=\"text\/css\" data-created_by=\"avia_inline_auto\" id=\"style-css-av-av_section-5feafc145776297cd272ba26b51de4f8\">\n.avia-section.av-av_section-5feafc145776297cd272ba26b51de4f8{\nbackground-repeat:no-repeat;\nbackground-image:url(https:\/\/www.interfides.de\/wp-content\/uploads\/2015\/06\/header_leistungen.jpg);\nbackground-position:50% 50%;\nbackground-attachment:scroll;\n}\n<\/style>\n<div id='av_section_1'  class='avia-section av-av_section-5feafc145776297cd272ba26b51de4f8 main_color avia-section-no-padding avia-no-border-styling  avia-builder-el-0  el_before_av_two_third  avia-builder-el-first  avia-full-stretch avia-bg-style-scroll av-minimum-height av-minimum-height-custom av-height-custom  container_wrap fullsize'  data-section-bg-repeat='stretch' data-av_minimum_height_px='230'><div class='container av-section-cont-open' style='height:230px'><main  role=\"main\" itemprop=\"mainContentOfPage\"  class='template-page content  av-content-full alpha units'><div class='post-entry post-entry-type-page post-entry-669'><div class='entry-content-wrapper clearfix'><\/div><\/div><\/main><!-- close content main element --><\/div><\/div><div id='after_section_1'  class='main_color av_default_container_wrap container_wrap fullsize'  ><div class='container av-section-cont-open' ><div class='template-page content  av-content-full alpha units'><div class='post-entry post-entry-type-page post-entry-669'><div class='entry-content-wrapper clearfix'>\n\n<style type=\"text\/css\" data-created_by=\"avia_inline_auto\" id=\"style-css-av-av_two_third-352b07ef7d3bc99b2e9f92e7a9e06bdb\">\n.flex_column.av-av_two_third-352b07ef7d3bc99b2e9f92e7a9e06bdb{\nborder-radius:0px 0px 0px 0px;\npadding:0px 0px 0px 0px;\n}\n<\/style>\n<div  class='flex_column av-av_two_third-352b07ef7d3bc99b2e9f92e7a9e06bdb av_two_third  avia-builder-el-1  el_after_av_section  el_before_av_one_third  avia-builder-el-first  first flex_column_div av-zero-column-padding  '     ><p>\n<style type=\"text\/css\" data-created_by=\"avia_inline_auto\" id=\"style-css-av-av_heading-1d9cf8db4a8dc87ae0e76ade3dd192e2\">\n#top .av-special-heading.av-av_heading-1d9cf8db4a8dc87ae0e76ade3dd192e2{\npadding-bottom:0;\n}\nbody .av-special-heading.av-av_heading-1d9cf8db4a8dc87ae0e76ade3dd192e2 .av-special-heading-tag .heading-char{\nfont-size:25px;\n}\n.av-special-heading.av-av_heading-1d9cf8db4a8dc87ae0e76ade3dd192e2 .av-subheading{\nfont-size:15px;\n}\n<\/style>\n<div  class='av-special-heading av-av_heading-1d9cf8db4a8dc87ae0e76ade3dd192e2 av-special-heading-h1 blockquote modern-quote  avia-builder-el-2  el_before_av_hr  avia-builder-el-first '><h1 class='av-special-heading-tag '  itemprop=\"headline\"  >Bulletins de salaire<\/h1><div class=\"special-heading-border\"><div class=\"special-heading-inner-border\"><\/div><\/div><\/div><br \/>\n\n<style type=\"text\/css\" data-created_by=\"avia_inline_auto\" id=\"style-css-av-av_hr-012673f305484e7803231721c4e67864\">\n#top .hr.av-av_hr-012673f305484e7803231721c4e67864{\nmargin-top:0px;\nmargin-bottom:20px;\n}\n.hr.av-av_hr-012673f305484e7803231721c4e67864 .hr-inner{\nwidth:60px;\nborder-color:#f47e1e;\n}\n<\/style>\n<div  class='hr av-av_hr-012673f305484e7803231721c4e67864 hr-custom  avia-builder-el-3  el_after_av_heading  el_before_av_textblock  hr-left hr-icon-no'><span class='hr-inner inner-border-av-border-fat'><span class=\"hr-inner-style\"><\/span><\/span><\/div><br \/>\n<section  class='av_textblock_section av-av_textblock-35972167d9f102c5ddaec0c531c98b9e '   itemscope=\"itemscope\" itemtype=\"https:\/\/schema.org\/CreativeWork\" ><div class='avia_textblock'  itemprop=\"text\" ><div class=\"page\" title=\"Page 17\">\n<div class=\"section\">\n<div class=\"layoutArea\">\n<div class=\"column\">\n<p>Dans le cadre de la comptabilit\u00e9 des salaires, nous vous occupons du suivi des bulletins de salaire de votre entreprise.<br \/>\nAinsi, nous effectuons les travaux suivants pour vous:<\/p>\n<ul>\n<li>Gestion des comptes de salaire<\/li>\n<li>\u00c9laboration des \u00e9valuations suivantes:\n<ul>\n<li>Bulletins de salaire<\/li>\n<li>Preuve du versement des cotisations aux organismes d&rsquo;assurance sociale<\/li>\n<li>D\u00e9clarations des cotisations vers\u00e9es \u00e0 l&rsquo;assurance sociale et d\u00e9clarations urgentes<\/li>\n<\/ul>\n<\/li>\n<li>\u00c9laboration de d\u00e9clarations li\u00e9es \u00e0 l&rsquo;imp\u00f4t sur les salaires et aux cotisations d&rsquo;assurance sociale et des associations professionnelles<\/li>\n<\/ul>\n<p>Les salaires sp\u00e9cifiques \u00e0 l&rsquo;industrie du b\u00e2timent sont une de nos sp\u00e9cialit\u00e9s gr\u00e2ce aux connaissances de longue date acquises dans le secteur du b\u00e2timent et d&rsquo;une s\u00e9rie d&rsquo;expos\u00e9s de notre directeur relative \u00e0 ce sujet. Cette sp\u00e9cialisation s&rsquo;applique \u00e9galement aux entreprises op\u00e9rationnelles \u00e0 l&rsquo;\u00e9tranger, p. ex. en Autriche ou en Hongrie. N\u2019h\u00e9sitez pas \u00e0 nous contacter!<\/p>\n<\/div>\n<\/div>\n<\/div>\n<\/div>\n<\/div><\/section><\/p><\/div>\n\n<style type=\"text\/css\" data-created_by=\"avia_inline_auto\" id=\"style-css-av-le48lqc4-62ea77b252658b9553a06a3c9d736b09\">\n.flex_column.av-le48lqc4-62ea77b252658b9553a06a3c9d736b09{\nborder-radius:0px 0px 0px 0px;\npadding:10px 10px 10px 10px;\n}\n<\/style>\n<div  class='flex_column av-le48lqc4-62ea77b252658b9553a06a3c9d736b09 av_one_third  avia-builder-el-5  el_after_av_two_third  avia-builder-el-last  termin-kasten flex_column_div  '     ><p>\n<style type=\"text\/css\" data-created_by=\"avia_inline_auto\" id=\"style-css-av-av_heading-d570e71bac77d8bda180933e0d31496b\">\n#top .av-special-heading.av-av_heading-d570e71bac77d8bda180933e0d31496b{\npadding-bottom:0;\ncolor:#ffffff;\n}\nbody .av-special-heading.av-av_heading-d570e71bac77d8bda180933e0d31496b .av-special-heading-tag .heading-char{\nfont-size:25px;\n}\n.av-special-heading.av-av_heading-d570e71bac77d8bda180933e0d31496b .special-heading-inner-border{\nborder-color:#ffffff;\n}\n.av-special-heading.av-av_heading-d570e71bac77d8bda180933e0d31496b .av-subheading{\nfont-size:15px;\n}\n<\/style>\n<div  class='av-special-heading av-av_heading-d570e71bac77d8bda180933e0d31496b av-special-heading-h1 custom-color-heading blockquote modern-quote  avia-builder-el-6  el_before_av_hr  avia-builder-el-first '><h1 class='av-special-heading-tag '  itemprop=\"headline\"  >CONVENEZ D\u2019UN RENDEZ-VOUS<\/h1><div class=\"special-heading-border\"><div class=\"special-heading-inner-border\"><\/div><\/div><\/div><br \/>\n\n<style type=\"text\/css\" data-created_by=\"avia_inline_auto\" id=\"style-css-av-av_hr-cf28bcd94edc3388d0b97a55ad08a3b6\">\n#top .hr.av-av_hr-cf28bcd94edc3388d0b97a55ad08a3b6{\nmargin-top:0px;\nmargin-bottom:0px;\n}\n.hr.av-av_hr-cf28bcd94edc3388d0b97a55ad08a3b6 .hr-inner{\nwidth:60px;\nborder-color:#f47e1e;\n}\n<\/style>\n<div  class='hr av-av_hr-cf28bcd94edc3388d0b97a55ad08a3b6 hr-custom  avia-builder-el-7  el_after_av_heading  el_before_av_icon_box  hr-left hr-icon-no'><span class='hr-inner inner-border-av-border-fat'><span class=\"hr-inner-style\"><\/span><\/span><\/div><br \/>\n\n<style type=\"text\/css\" data-created_by=\"avia_inline_auto\" id=\"style-css-av-le48lyoc-c2b2fcaa17415d945b0b4cf941ba8a82\">\n.iconbox.av-le48lyoc-c2b2fcaa17415d945b0b4cf941ba8a82 .iconbox_icon{\ncolor:#ffffff;\n}\n.iconbox.av-le48lyoc-c2b2fcaa17415d945b0b4cf941ba8a82 .iconbox_icon.avia-svg-icon svg:first-child{\nfill:#ffffff;\nstroke:#ffffff;\n}\n#top #wrap_all .iconbox.av-le48lyoc-c2b2fcaa17415d945b0b4cf941ba8a82 .iconbox_content_title{\ncolor:#ffffff;\n}\n.iconbox.av-le48lyoc-c2b2fcaa17415d945b0b4cf941ba8a82 .iconbox_content_container{\ncolor:#ffffff;\n}\n<\/style>\n<article  class='iconbox iconbox_left av-le48lyoc-c2b2fcaa17415d945b0b4cf941ba8a82  avia-builder-el-8  el_after_av_hr  el_before_av_button '  itemscope=\"itemscope\" itemtype=\"https:\/\/schema.org\/CreativeWork\" ><div class=\"iconbox_content\"><header class=\"entry-content-header\" aria-label=\"Ic\u00f4ne : 0049-(0)89-7256038\"><div class='iconbox_icon heading-color avia-iconfont avia-font-entypo-fontello' data-av_icon='' data-av_iconfont='entypo-fontello' title=\"0049-(0)89-7256038\" desc=\"0049-(0)89-7256038\" ><\/div><h3 class='iconbox_content_title '  itemprop=\"headline\" ><a href='tel:0049897256038' title='0049-(0)89-7256038'  >0049-(0)89-7256038<\/a><\/h3><\/header><div class='iconbox_content_container av_inherit_color'  itemprop=\"text\" ><\/div><\/div><footer class=\"entry-footer\"><\/footer><\/article><br \/>\n<div  class='avia-button-wrap av-av_button-bac24761dde730531a430501fd0d82bb-wrap avia-button-center  avia-builder-el-9  el_after_av_icon_box  avia-builder-el-last  termin-button'>\n<style type=\"text\/css\" data-created_by=\"avia_inline_auto\" id=\"style-css-av-av_button-bac24761dde730531a430501fd0d82bb\">\n#top #wrap_all .avia-button.av-av_button-bac24761dde730531a430501fd0d82bb{\nbackground-color:#ffffff;\nborder-color:#ffffff;\ncolor:#f47e1e;\ntransition:all 0.4s ease-in-out;\n}\n#top #wrap_all .avia-button.av-av_button-bac24761dde730531a430501fd0d82bb .avia-svg-icon svg:first-child{\nfill:#f47e1e;\nstroke:#f47e1e;\n}\n<\/style>\n<a href='https:\/\/www.interfides.de\/fr\/contact\/'  class='avia-button av-av_button-bac24761dde730531a430501fd0d82bb av-link-btn avia-icon_select-no avia-size-medium avia-position-center'   aria-label=\"Prendre rendez-vous\"><span class='avia_iconbox_title' >Prendre rendez-vous<\/span><\/a><\/div><\/p><\/div>\n","protected":false},"excerpt":{"rendered":"","protected":false},"author":1,"featured_media":0,"parent":637,"menu_order":15,"comment_status":"closed","ping_status":"closed","template":"","meta":{"footnotes":""},"class_list":["post-669","page","type-page","status-publish","hentry"],"_links":{"self":[{"href":"https:\/\/www.interfides.de\/fr\/wp-json\/wp\/v2\/pages\/669","targetHints":{"allow":["GET"]}}],"collection":[{"href":"https:\/\/www.interfides.de\/fr\/wp-json\/wp\/v2\/pages"}],"about":[{"href":"https:\/\/www.interfides.de\/fr\/wp-json\/wp\/v2\/types\/page"}],"author":[{"embeddable":true,"href":"https:\/\/www.interfides.de\/fr\/wp-json\/wp\/v2\/users\/1"}],"replies":[{"embeddable":true,"href":"https:\/\/www.interfides.de\/fr\/wp-json\/wp\/v2\/comments?post=669"}],"version-history":[{"count":4,"href":"https:\/\/www.interfides.de\/fr\/wp-json\/wp\/v2\/pages\/669\/revisions"}],"predecessor-version":[{"id":671,"href":"https:\/\/www.interfides.de\/fr\/wp-json\/wp\/v2\/pages\/669\/revisions\/671"}],"up":[{"embeddable":true,"href":"https:\/\/www.interfides.de\/fr\/wp-json\/wp\/v2\/pages\/637"}],"wp:attachment":[{"href":"https:\/\/www.interfides.de\/fr\/wp-json\/wp\/v2\/media?parent=669"}],"curies":[{"name":"wp","href":"https:\/\/api.w.org\/{rel}","templated":true}]}}