{"id":684,"date":"2015-06-29T15:10:53","date_gmt":"2015-06-29T13:10:53","guid":{"rendered":"http:\/\/www.interfides.de\/priorites\/betreuung-von-tochtergesellschaften\/"},"modified":"2023-02-14T13:47:18","modified_gmt":"2023-02-14T12:47:18","slug":"encadrement-de-filiales","status":"publish","type":"page","link":"https:\/\/www.interfides.de\/fr\/priorites\/encadrement-de-filiales\/","title":{"rendered":"Encadrement de filiales"},"content":{"rendered":"\n<style type=\"text\/css\" data-created_by=\"avia_inline_auto\" id=\"style-css-av-av_section-d466d872a6fa2b5aa28fce1a53eb691a\">\n.avia-section.av-av_section-d466d872a6fa2b5aa28fce1a53eb691a{\nbackground-repeat:no-repeat;\nbackground-image:url(https:\/\/www.interfides.de\/wp-content\/uploads\/2015\/06\/header_schwerpunkte.jpg);\nbackground-position:50% 50%;\nbackground-attachment:scroll;\n}\n<\/style>\n<div id='av_section_1'  class='avia-section av-av_section-d466d872a6fa2b5aa28fce1a53eb691a main_color avia-section-no-padding avia-no-border-styling  avia-builder-el-0  el_before_av_two_third  avia-builder-el-first  avia-full-stretch avia-bg-style-scroll av-minimum-height av-minimum-height-custom av-height-custom  container_wrap fullsize'  data-section-bg-repeat='stretch' data-av_minimum_height_px='230'><div class='container av-section-cont-open' style='height:230px'><main  role=\"main\" itemprop=\"mainContentOfPage\"  class='template-page content  av-content-full alpha units'><div class='post-entry post-entry-type-page post-entry-684'><div class='entry-content-wrapper clearfix'><\/div><\/div><\/main><!-- close content main element --><\/div><\/div><div id='after_section_1'  class='main_color av_default_container_wrap container_wrap fullsize'  ><div class='container av-section-cont-open' ><div class='template-page content  av-content-full alpha units'><div class='post-entry post-entry-type-page post-entry-684'><div class='entry-content-wrapper clearfix'>\n\n<style type=\"text\/css\" data-created_by=\"avia_inline_auto\" id=\"style-css-av-av_two_third-352b07ef7d3bc99b2e9f92e7a9e06bdb\">\n.flex_column.av-av_two_third-352b07ef7d3bc99b2e9f92e7a9e06bdb{\nborder-radius:0px 0px 0px 0px;\npadding:0px 0px 0px 0px;\n}\n<\/style>\n<div  class='flex_column av-av_two_third-352b07ef7d3bc99b2e9f92e7a9e06bdb av_two_third  avia-builder-el-1  el_after_av_section  el_before_av_one_third  avia-builder-el-first  first flex_column_div av-zero-column-padding  '     ><p>\n<style type=\"text\/css\" data-created_by=\"avia_inline_auto\" id=\"style-css-av-av_heading-273cbe3b06b593dff8374b26b61dc28f\">\n#top .av-special-heading.av-av_heading-273cbe3b06b593dff8374b26b61dc28f{\npadding-bottom:0;\n}\nbody .av-special-heading.av-av_heading-273cbe3b06b593dff8374b26b61dc28f .av-special-heading-tag .heading-char{\nfont-size:25px;\n}\n.av-special-heading.av-av_heading-273cbe3b06b593dff8374b26b61dc28f .av-subheading{\nfont-size:15px;\n}\n<\/style>\n<div  class='av-special-heading av-av_heading-273cbe3b06b593dff8374b26b61dc28f av-special-heading-h1 blockquote modern-quote  avia-builder-el-2  el_before_av_hr  avia-builder-el-first '><h1 class='av-special-heading-tag '  itemprop=\"headline\"  >Encadrement de filiales<\/h1><div class=\"special-heading-border\"><div class=\"special-heading-inner-border\"><\/div><\/div><\/div><br \/>\n\n<style type=\"text\/css\" data-created_by=\"avia_inline_auto\" id=\"style-css-av-av_hr-012673f305484e7803231721c4e67864\">\n#top .hr.av-av_hr-012673f305484e7803231721c4e67864{\nmargin-top:0px;\nmargin-bottom:20px;\n}\n.hr.av-av_hr-012673f305484e7803231721c4e67864 .hr-inner{\nwidth:60px;\nborder-color:#f47e1e;\n}\n<\/style>\n<div  class='hr av-av_hr-012673f305484e7803231721c4e67864 hr-custom  avia-builder-el-3  el_after_av_heading  el_before_av_textblock  hr-left hr-icon-no'><span class='hr-inner inner-border-av-border-fat'><span class=\"hr-inner-style\"><\/span><\/span><\/div><br \/>\n<section  class='av_textblock_section av-av_textblock-35972167d9f102c5ddaec0c531c98b9e '   itemscope=\"itemscope\" itemtype=\"https:\/\/schema.org\/CreativeWork\" ><div class='avia_textblock'  itemprop=\"text\" ><h2>Encadrement de filiales allemandes d&rsquo;entreprises \u00e9trang\u00e8res \u2013 exemple<\/h2>\n<p>Le cas suivant, pr\u00e9sent\u00e9 \u00e0 titre d&rsquo;exemple, a pour mission de vous montrer ce que nous faisons pour prendre vos activit\u00e9s en Allemagne en charge:<\/p>\n<\/div><\/section><\/p><\/div>\n\n<style type=\"text\/css\" data-created_by=\"avia_inline_auto\" id=\"style-css-av-le48o4f1-dbf8da0a6053a7651b206d6bf1b375e0\">\n.flex_column.av-le48o4f1-dbf8da0a6053a7651b206d6bf1b375e0{\nborder-radius:0px 0px 0px 0px;\npadding:10px 10px 10px 10px;\n}\n<\/style>\n<div  class='flex_column av-le48o4f1-dbf8da0a6053a7651b206d6bf1b375e0 av_one_third  avia-builder-el-5  el_after_av_two_third  el_before_av_section  avia-builder-el-last  termin-kasten flex_column_div  '     ><p>\n<style type=\"text\/css\" data-created_by=\"avia_inline_auto\" id=\"style-css-av-av_heading-d570e71bac77d8bda180933e0d31496b\">\n#top .av-special-heading.av-av_heading-d570e71bac77d8bda180933e0d31496b{\npadding-bottom:0;\ncolor:#ffffff;\n}\nbody .av-special-heading.av-av_heading-d570e71bac77d8bda180933e0d31496b .av-special-heading-tag .heading-char{\nfont-size:25px;\n}\n.av-special-heading.av-av_heading-d570e71bac77d8bda180933e0d31496b .special-heading-inner-border{\nborder-color:#ffffff;\n}\n.av-special-heading.av-av_heading-d570e71bac77d8bda180933e0d31496b .av-subheading{\nfont-size:15px;\n}\n<\/style>\n<div  class='av-special-heading av-av_heading-d570e71bac77d8bda180933e0d31496b av-special-heading-h1 custom-color-heading blockquote modern-quote  avia-builder-el-6  el_before_av_hr  avia-builder-el-first '><h1 class='av-special-heading-tag '  itemprop=\"headline\"  >CONVENEZ D\u2019UN RENDEZ-VOUS<\/h1><div class=\"special-heading-border\"><div class=\"special-heading-inner-border\"><\/div><\/div><\/div><br \/>\n\n<style type=\"text\/css\" data-created_by=\"avia_inline_auto\" id=\"style-css-av-av_hr-cf28bcd94edc3388d0b97a55ad08a3b6\">\n#top .hr.av-av_hr-cf28bcd94edc3388d0b97a55ad08a3b6{\nmargin-top:0px;\nmargin-bottom:0px;\n}\n.hr.av-av_hr-cf28bcd94edc3388d0b97a55ad08a3b6 .hr-inner{\nwidth:60px;\nborder-color:#f47e1e;\n}\n<\/style>\n<div  class='hr av-av_hr-cf28bcd94edc3388d0b97a55ad08a3b6 hr-custom  avia-builder-el-7  el_after_av_heading  el_before_av_icon_box  hr-left hr-icon-no'><span class='hr-inner inner-border-av-border-fat'><span class=\"hr-inner-style\"><\/span><\/span><\/div><br \/>\n\n<style type=\"text\/css\" data-created_by=\"avia_inline_auto\" id=\"style-css-av-le48ocgu-8b2c87f00f87efee96bd8456b4b33673\">\n.iconbox.av-le48ocgu-8b2c87f00f87efee96bd8456b4b33673 .iconbox_icon{\ncolor:#ffffff;\n}\n.iconbox.av-le48ocgu-8b2c87f00f87efee96bd8456b4b33673 .iconbox_icon.avia-svg-icon svg:first-child{\nfill:#ffffff;\nstroke:#ffffff;\n}\n#top #wrap_all .iconbox.av-le48ocgu-8b2c87f00f87efee96bd8456b4b33673 .iconbox_content_title{\ncolor:#ffffff;\n}\n.iconbox.av-le48ocgu-8b2c87f00f87efee96bd8456b4b33673 .iconbox_content_container{\ncolor:#ffffff;\n}\n<\/style>\n<article  class='iconbox iconbox_left av-le48ocgu-8b2c87f00f87efee96bd8456b4b33673  avia-builder-el-8  el_after_av_hr  el_before_av_button '  itemscope=\"itemscope\" itemtype=\"https:\/\/schema.org\/CreativeWork\" ><div class=\"iconbox_content\"><header class=\"entry-content-header\" aria-label=\"Ic\u00f4ne : 0049-(0)89-7256038\"><div class='iconbox_icon heading-color avia-iconfont avia-font-entypo-fontello' data-av_icon='' data-av_iconfont='entypo-fontello' title=\"0049-(0)89-7256038\" desc=\"0049-(0)89-7256038\" ><\/div><h3 class='iconbox_content_title '  itemprop=\"headline\" ><a href='tel:0049897256038' title='0049-(0)89-7256038'  >0049-(0)89-7256038<\/a><\/h3><\/header><div class='iconbox_content_container av_inherit_color'  itemprop=\"text\" ><\/div><\/div><footer class=\"entry-footer\"><\/footer><\/article><br \/>\n<div  class='avia-button-wrap av-av_button-bac24761dde730531a430501fd0d82bb-wrap avia-button-center  avia-builder-el-9  el_after_av_icon_box  avia-builder-el-last  termin-button'>\n<style type=\"text\/css\" data-created_by=\"avia_inline_auto\" id=\"style-css-av-av_button-bac24761dde730531a430501fd0d82bb\">\n#top #wrap_all .avia-button.av-av_button-bac24761dde730531a430501fd0d82bb{\nbackground-color:#ffffff;\nborder-color:#ffffff;\ncolor:#f47e1e;\ntransition:all 0.4s ease-in-out;\n}\n#top #wrap_all .avia-button.av-av_button-bac24761dde730531a430501fd0d82bb .avia-svg-icon svg:first-child{\nfill:#f47e1e;\nstroke:#f47e1e;\n}\n<\/style>\n<a href='https:\/\/www.interfides.de\/fr\/contact\/'  class='avia-button av-av_button-bac24761dde730531a430501fd0d82bb av-link-btn avia-icon_select-no avia-size-medium avia-position-center'   aria-label=\"Prendre rendez-vous\"><span class='avia_iconbox_title' >Prendre rendez-vous<\/span><\/a><\/div><\/p><\/div><\/div><\/div><\/div><!-- close content main div --><\/div><\/div><div id='orange-hintergrund'  class='avia-section av-av_section-b742289176ef86a7c7093e7a3937ce31 main_color avia-section-default avia-no-shadow  avia-builder-el-10  el_after_av_one_third  el_before_av_hr  avia-bg-style-scroll container_wrap fullsize'  ><div class='container av-section-cont-open' ><div class='template-page content  av-content-full alpha units'><div class='post-entry post-entry-type-page post-entry-684'><div class='entry-content-wrapper clearfix'>\n<section  class='av_textblock_section av-av_textblock-35972167d9f102c5ddaec0c531c98b9e '   itemscope=\"itemscope\" itemtype=\"https:\/\/schema.org\/CreativeWork\" ><div class='avia_textblock'  itemprop=\"text\" ><p>L&rsquo;entrepreneur Franz Gruber de Vorarlberg fabrique des produits de conditionnement.<\/p>\n<p>Il les propose sur le march\u00e9 allemand depuis quelques temps. Il constate, lors d&rsquo;un salon professionnel, qu&rsquo;une partie de la concurrence d\u00e9j\u00e0 \u00e9quip\u00e9e de soci\u00e9t\u00e9s de distribution en Allemagne, b\u00e9n\u00e9ficie d&rsquo;une croissance du CA nettement plus \u00e9lev\u00e9e. Afin de consolider sa pr\u00e9sence en Allemagne, M. Gruber prend la d\u00e9cision de cr\u00e9er une soci\u00e9t\u00e9 de distribution dans le pays voisin.<\/p>\n<p>Apr\u00e8s une br\u00e8ve recherche sur Internet et une demande de renseignements lanc\u00e9e aupr\u00e8s de la d\u00e9l\u00e9gation de la chambre du commerce autrichienne \u00e0 Munich, il trouve la soci\u00e9t\u00e9 INTERFIDES STEUERBERATUNGSGESELLSCHAFT MBH. Il d\u00e9cide de convenir d&rsquo;un rendez-vous sans plus attendre.<\/p>\n<p>Dans le cadre d&rsquo;un <strong>premier entretien de consultation<\/strong> dans les locaux de notre centrale munichoise avec la participation du directeur financier de Gruber par vid\u00e9oconf\u00e9rence en Autriche, nous nous concentrons sur les th\u00e8mes suivants:<\/p>\n<\/div><\/section>\n\n<style type=\"text\/css\" data-created_by=\"avia_inline_auto\" id=\"style-css-av-av_one_half-352b07ef7d3bc99b2e9f92e7a9e06bdb\">\n.flex_column.av-av_one_half-352b07ef7d3bc99b2e9f92e7a9e06bdb{\nborder-radius:0px 0px 0px 0px;\npadding:0px 0px 0px 0px;\n}\n<\/style>\n<div  class='flex_column av-av_one_half-352b07ef7d3bc99b2e9f92e7a9e06bdb av_one_half  avia-builder-el-12  el_after_av_textblock  el_before_av_one_half  first flex_column_div av-zero-column-padding  column-top-margin'     ><p><section  class='av_textblock_section av-av_textblock-18d48d591386a2e9377262fd89ff72c1 '   itemscope=\"itemscope\" itemtype=\"https:\/\/schema.org\/CreativeWork\" ><div class='avia_textblock kasten-orange'  itemprop=\"text\" ><p>S\u00e9lection de la forme l\u00e9gale la mieux appropri\u00e9e<br \/>\n(Soci\u00e9t\u00e9 \u00e0 responsabilit\u00e9 limit\u00e9e [GmbH], soci\u00e9t\u00e9 civile de droit allemand [GbR] etc.)<\/p>\n<\/div><\/section><br \/>\n<section  class='av_textblock_section av-av_textblock-18d48d591386a2e9377262fd89ff72c1 '   itemscope=\"itemscope\" itemtype=\"https:\/\/schema.org\/CreativeWork\" ><div class='avia_textblock kasten-orange'  itemprop=\"text\" ><p>Conditions pr\u00e9alables \u00e0 remplir par l&rsquo;entreprise en vue de son admission par le fisc en Allemagne<\/p>\n<\/div><\/section><\/p><\/div>\n<style type=\"text\/css\" data-created_by=\"avia_inline_auto\" id=\"style-css-av-av_one_half-2a64de42b738552fe666ca889af77e28\">\n.flex_column.av-av_one_half-2a64de42b738552fe666ca889af77e28{\nborder-radius:0px 0px 0px 0px;\npadding:0px 0px 0px 0px;\n}\n<\/style>\n<div  class='flex_column av-av_one_half-2a64de42b738552fe666ca889af77e28 av_one_half  avia-builder-el-15  el_after_av_one_half  el_before_av_hr  flex_column_div av-zero-column-padding  column-top-margin'     ><p><section  class='av_textblock_section av-av_textblock-18d48d591386a2e9377262fd89ff72c1 '   itemscope=\"itemscope\" itemtype=\"https:\/\/schema.org\/CreativeWork\" ><div class='avia_textblock kasten-orange'  itemprop=\"text\" ><p>S\u00e9lection d&rsquo;un site b\u00e9n\u00e9ficiant d&rsquo;un all\u00e8gement fiscal en Allemagne<\/p>\n<\/div><\/section><br \/>\n<section  class='av_textblock_section av-av_textblock-18d48d591386a2e9377262fd89ff72c1 '   itemscope=\"itemscope\" itemtype=\"https:\/\/schema.org\/CreativeWork\" ><div class='avia_textblock kasten-orange'  itemprop=\"text\" ><p>Strat\u00e9gie et concept sp\u00e9cifiques \u00e0 l&rsquo;entreprise<\/p>\n<\/div><\/section><\/p><\/div>\n<style type=\"text\/css\" data-created_by=\"avia_inline_auto\" id=\"style-css-av-av_hr-f9c49c3d3336fc54a3f31ed109c785bd\">\n#top .hr.hr-invisible.av-av_hr-f9c49c3d3336fc54a3f31ed109c785bd{\nheight:30px;\n}\n<\/style>\n<div  class='hr av-av_hr-f9c49c3d3336fc54a3f31ed109c785bd hr-invisible  avia-builder-el-18  el_after_av_one_half  el_before_av_textblock '><span class='hr-inner '><span class=\"hr-inner-style\"><\/span><\/span><\/div>\n<section  class='av_textblock_section av-av_textblock-35972167d9f102c5ddaec0c531c98b9e '   itemscope=\"itemscope\" itemtype=\"https:\/\/schema.org\/CreativeWork\" ><div class='avia_textblock'  itemprop=\"text\" ><p>Apr\u00e8s m\u00fbre r\u00e9flexion, M. Gruber d\u00e9cide de cr\u00e9er une soci\u00e9t\u00e9 de distribution adoptant la forme d&rsquo;une soci\u00e9t\u00e9 \u00e0 responsabilit\u00e9 limit\u00e9e en Allemagne. <strong>Dans ce contexte, nous l&rsquo;assistons en coop\u00e9ration avec la SARL d&rsquo;avocats INTERFIDES HUBER-SIERK en ce qui concerne les points suivants:<\/strong><\/p>\n<ul>\n<li>Arrangement d&rsquo;un rendez-vous avec le notaire<\/li>\n<li>\u00c9laboration des statuts de la soci\u00e9t\u00e9 en coop\u00e9ration avec la SARL d&rsquo;avocats INTERFIDES HUBER-SIERK<\/li>\n<li>Inscription dans le Registre allemand du commerce et des soci\u00e9t\u00e9s<\/li>\n<li>\u00c9laboration des contrats de travail<\/li>\n<li>Demande d&rsquo;un num\u00e9ro de TVA<\/li>\n<li>Bilan d&rsquo;ouverture<\/li>\n<li>\u00c9laboration des contrats des directeurs<\/li>\n<\/ul>\n<p>Plus rien ne s&rsquo;oppose au lancement des affaires apr\u00e8s toutes ces formalit\u00e9s. M. Gruber constate rapidement que la client\u00e8le fait nettement plus confiance \u00e0 sa soci\u00e9t\u00e9 de distribution sise \u00e0 Gr\u00fcnwald pr\u00e8s de Munich. Les chiffres d\u2019affaires augmentent sensiblement.<\/p>\n<p>L&rsquo;augmentation des CA entra\u00eene in\u00e9vitablement une croissance des besoins de gestion. D\u00e8s \u00e0 pr\u00e9sent, nous pouvons faire preuve de nos performances pour la comptabilit\u00e9 mensuelle. \u00c0 c\u00f4t\u00e9 des attributions courantes telles que les inscriptions aux comptes et la ventilation des justificatifs, y compris les d\u00e9clarations provisoires de TVA, nous \u00e9tablissons \u00e9galement une <strong>reddition des comptes<\/strong> adapt\u00e9e au groupe. Cette reddition<\/p>\n<ul>\n<li>comporte les indicateurs cl\u00e9s de performance (ICP) de la m\u00e8re autrichienne<\/li>\n<li>tient compte des \u00e9liminations int\u00e9rimaires de transactions entre la soci\u00e9t\u00e9 m\u00e8re et la filiale<\/li>\n<li>permet l&rsquo;int\u00e9gration dans les pr\u00e9visions de l&rsquo;entreprise dans son ensemble<\/li>\n<\/ul>\n<p>\u00c9tant donn\u00e9 que les affaires sont prosp\u00e8res, le d\u00e9passement de la marque importante pour le fisc d&rsquo;un CA de cinq millions d&rsquo;euros par an se produit rapidement. Par cons\u00e9quent, la soci\u00e9t\u00e9 de distribution en Allemagne est tenue de documenter les prix de compensation. Nous nous en acquittons en coop\u00e9ration avec l&rsquo;\u00e9tude d&rsquo;avocats INTERFIDES HUBER-SIERK et nous portons ainsi garants du respect des <strong>contraintes suivantes de l&rsquo;Art. 4 de la r\u00e9glementation allemande concernant l&rsquo;enregistrement de la d\u00e9limitation des b\u00e9n\u00e9fices (GAufzV):<\/strong><\/p>\n<ul>\n<li>Rapports de participation, activit\u00e9s commerciales, structure organisationnelle<\/li>\n<li>Relations commerciales avec des personnes proches<\/li>\n<li>Analyse des fonctions et risques<\/li>\n<li>Analyse des prix de compensation<\/li>\n<\/ul>\n<p>Apr\u00e8s quelques ann\u00e9es de bonnes affaires, M. Gruber est confront\u00e9 \u00e0 un contr\u00f4le exceptionnel de TVA du fisc \u2013 en raison du volume \u00e9lev\u00e9 des \u00e9changes avec l&rsquo;Autriche. Dans ce cas, nous assistons la soci\u00e9t\u00e9 de M. Gruber de deux fa\u00e7ons diff\u00e9rentes:<\/p>\n<\/div><\/section>\n\n<style type=\"text\/css\" data-created_by=\"avia_inline_auto\" id=\"style-css-av-av_one_half-352b07ef7d3bc99b2e9f92e7a9e06bdb\">\n.flex_column.av-av_one_half-352b07ef7d3bc99b2e9f92e7a9e06bdb{\nborder-radius:0px 0px 0px 0px;\npadding:0px 0px 0px 0px;\n}\n<\/style>\n<div  class='flex_column av-av_one_half-352b07ef7d3bc99b2e9f92e7a9e06bdb av_one_half  avia-builder-el-20  el_after_av_textblock  el_before_av_one_half  first flex_column_div av-zero-column-padding  column-top-margin'     ><section  class='av_textblock_section av-av_textblock-35972167d9f102c5ddaec0c531c98b9e '   itemscope=\"itemscope\" itemtype=\"https:\/\/schema.org\/CreativeWork\" ><div class='avia_textblock'  itemprop=\"text\" ><p><strong>Pendant la comptabilisation \u00e0 titre pr\u00e9ventif:<\/strong><\/p>\n<ul>\n<li>Contr\u00f4le des factures re\u00e7ues quant aux crit\u00e8res de l&rsquo;Art. 14 du r\u00e9gime l\u00e9gal allemand de la taxe unique assise sur le CA, afin de garantir une d\u00e9duction correcte de la taxe r\u00e9cup\u00e9rable<\/li>\n<li>Attribution correcte des chiffres d\u2019affaires (respect des d\u00e9lais de d\u00e9claration provisoire)<\/li>\n<li>Respect des contraintes sp\u00e9cifiques aux notes de frais<\/li>\n<li>Enregistrement correct de toutes les affaires trait\u00e9es concernant la cl\u00e9 de ventilation fiscale et le taux d&rsquo;imposition<\/li>\n<\/ul>\n<\/div><\/section><\/div>\n<style type=\"text\/css\" data-created_by=\"avia_inline_auto\" id=\"style-css-av-av_one_half-2a64de42b738552fe666ca889af77e28\">\n.flex_column.av-av_one_half-2a64de42b738552fe666ca889af77e28{\nborder-radius:0px 0px 0px 0px;\npadding:0px 0px 0px 0px;\n}\n<\/style>\n<div  class='flex_column av-av_one_half-2a64de42b738552fe666ca889af77e28 av_one_half  avia-builder-el-22  el_after_av_one_half  avia-builder-el-last  flex_column_div av-zero-column-padding  column-top-margin'     ><section  class='av_textblock_section av-av_textblock-35972167d9f102c5ddaec0c531c98b9e '   itemscope=\"itemscope\" itemtype=\"https:\/\/schema.org\/CreativeWork\" ><div class='avia_textblock'  itemprop=\"text\" ><p><strong>Pendant le contr\u00f4le exceptionnel de TVA en tant que partenaire de n\u00e9gociation comp\u00e9tent du fisc:<\/strong><\/p>\n<ul>\n<li>Notre sp\u00e9cialiste dans le domaine des performances transfrontali\u00e8res, le conseiller fiscal et sp\u00e9cialis\u00e9 en droit fiscal international, Thomas Jan, encadre plusieurs contr\u00f4les exceptionnels de TVA chaque ann\u00e9e, il conna\u00eet tous les points sur lesquels le fisc porte son attention et sait comment g\u00e9rer les n\u00e9gociations avec cette autorit\u00e9<\/li>\n<li>De concert avec des avocats exp\u00e9riment\u00e9s, nous veillons \u00e0 faire valoir vos droits efficacement \u00e0 l&rsquo;\u00e9gard du fisc!<\/li>\n<\/ul>\n<\/div><\/section><\/div>\n<\/div><\/div><\/div><!-- close content main div --><\/div><\/div><div id='after_section_2'  class='main_color av_default_container_wrap container_wrap fullsize'  ><div class='container av-section-cont-open' ><div class='template-page content  av-content-full alpha units'><div class='post-entry post-entry-type-page post-entry-684'><div class='entry-content-wrapper clearfix'><\/p>\n\n<style type=\"text\/css\" data-created_by=\"avia_inline_auto\" id=\"style-css-av-av_hr-93880b41331287540333d07f95a8006f\">\n#top .hr.hr-invisible.av-av_hr-93880b41331287540333d07f95a8006f{\nheight:1px;\n}\n<\/style>\n<div  class='hr av-av_hr-93880b41331287540333d07f95a8006f hr-invisible  avia-builder-el-24  el_after_av_section  avia-builder-el-no-sibling '><span class='hr-inner '><span class=\"hr-inner-style\"><\/span><\/span><\/div>\n","protected":false},"excerpt":{"rendered":"","protected":false},"author":1,"featured_media":0,"parent":681,"menu_order":5,"comment_status":"closed","ping_status":"closed","template":"","meta":{"footnotes":""},"class_list":["post-684","page","type-page","status-publish","hentry"],"_links":{"self":[{"href":"https:\/\/www.interfides.de\/fr\/wp-json\/wp\/v2\/pages\/684","targetHints":{"allow":["GET"]}}],"collection":[{"href":"https:\/\/www.interfides.de\/fr\/wp-json\/wp\/v2\/pages"}],"about":[{"href":"https:\/\/www.interfides.de\/fr\/wp-json\/wp\/v2\/types\/page"}],"author":[{"embeddable":true,"href":"https:\/\/www.interfides.de\/fr\/wp-json\/wp\/v2\/users\/1"}],"replies":[{"embeddable":true,"href":"https:\/\/www.interfides.de\/fr\/wp-json\/wp\/v2\/comments?post=684"}],"version-history":[{"count":5,"href":"https:\/\/www.interfides.de\/fr\/wp-json\/wp\/v2\/pages\/684\/revisions"}],"predecessor-version":[{"id":686,"href":"https:\/\/www.interfides.de\/fr\/wp-json\/wp\/v2\/pages\/684\/revisions\/686"}],"up":[{"embeddable":true,"href":"https:\/\/www.interfides.de\/fr\/wp-json\/wp\/v2\/pages\/681"}],"wp:attachment":[{"href":"https:\/\/www.interfides.de\/fr\/wp-json\/wp\/v2\/media?parent=684"}],"curies":[{"name":"wp","href":"https:\/\/api.w.org\/{rel}","templated":true}]}}