{"id":383,"date":"2015-07-30T10:39:41","date_gmt":"2015-07-30T08:39:41","guid":{"rendered":"http:\/\/www.interfides.de\/?page_id=383"},"modified":"2015-08-10T14:17:14","modified_gmt":"2015-08-10T12:17:14","slug":"lo-studio","status":"publish","type":"page","link":"https:\/\/www.interfides.de\/it\/lo-studio\/lo-studio\/","title":{"rendered":"Lo studio"},"content":{"rendered":"\n<style type=\"text\/css\" data-created_by=\"avia_inline_auto\" id=\"style-css-av-av_section-a6a6f250b9db4861f7e2657e4465b110\">\n.avia-section.av-av_section-a6a6f250b9db4861f7e2657e4465b110{\nbackground-repeat:no-repeat;\nbackground-image:url(https:\/\/www.interfides.de\/wp-content\/uploads\/2015\/07\/header_kanzlei.jpg);\nbackground-position:50% 50%;\nbackground-attachment:scroll;\n}\n<\/style>\n<div id='av_section_1'  class='avia-section av-av_section-a6a6f250b9db4861f7e2657e4465b110 main_color avia-section-no-padding avia-no-border-styling  avia-builder-el-0  el_before_av_heading  avia-builder-el-first  avia-full-stretch avia-bg-style-scroll av-minimum-height av-minimum-height-custom av-height-custom  container_wrap fullsize'  data-section-bg-repeat='stretch' data-av_minimum_height_px='230'><div class='container av-section-cont-open' style='height:230px'><main  role=\"main\" itemprop=\"mainContentOfPage\"  class='template-page content  av-content-full alpha units'><div class='post-entry post-entry-type-page post-entry-383'><div class='entry-content-wrapper clearfix'><\/div><\/div><\/main><!-- close content main element --><\/div><\/div><div id='after_section_1'  class='main_color av_default_container_wrap container_wrap fullsize'  ><div class='container av-section-cont-open' ><div class='template-page content  av-content-full alpha units'><div class='post-entry post-entry-type-page post-entry-383'><div class='entry-content-wrapper clearfix'>\n\n<style type=\"text\/css\" data-created_by=\"avia_inline_auto\" id=\"style-css-av-av_heading-1c8d00709c0b43503f5c2bc120c184a4\">\n#top .av-special-heading.av-av_heading-1c8d00709c0b43503f5c2bc120c184a4{\npadding-bottom:0;\n}\nbody .av-special-heading.av-av_heading-1c8d00709c0b43503f5c2bc120c184a4 .av-special-heading-tag .heading-char{\nfont-size:25px;\n}\n.av-special-heading.av-av_heading-1c8d00709c0b43503f5c2bc120c184a4 .av-subheading{\nfont-size:15px;\n}\n<\/style>\n<div  class='av-special-heading av-av_heading-1c8d00709c0b43503f5c2bc120c184a4 av-special-heading-h1 blockquote modern-quote  avia-builder-el-1  el_after_av_section  el_before_av_hr  avia-builder-el-first '><h1 class='av-special-heading-tag '  itemprop=\"headline\"  >Lo studio<\/h1><div class=\"special-heading-border\"><div class=\"special-heading-inner-border\"><\/div><\/div><\/div>\n\n<style type=\"text\/css\" data-created_by=\"avia_inline_auto\" id=\"style-css-av-av_hr-012673f305484e7803231721c4e67864\">\n#top .hr.av-av_hr-012673f305484e7803231721c4e67864{\nmargin-top:0px;\nmargin-bottom:20px;\n}\n.hr.av-av_hr-012673f305484e7803231721c4e67864 .hr-inner{\nwidth:60px;\nborder-color:#f47e1e;\n}\n<\/style>\n<div  class='hr av-av_hr-012673f305484e7803231721c4e67864 hr-custom  avia-builder-el-2  el_after_av_heading  el_before_av_textblock  hr-left hr-icon-no'><span class='hr-inner inner-border-av-border-fat'><span class=\"hr-inner-style\"><\/span><\/span><\/div>\n<section  class='av_textblock_section av-av_textblock-35972167d9f102c5ddaec0c531c98b9e '   itemscope=\"itemscope\" itemtype=\"https:\/\/schema.org\/CreativeWork\" ><div class='avia_textblock'  itemprop=\"text\" ><p>Fondato nel 1978, lo Studio &#8220;interfides Steuerberatungsgesellschaft mbH&#8221; offre servizi di consulenza rivolti principalmente a clienti stranieri con attivit\u00e0 di business in Germania.<\/p>\n<p>Lo Studio ha sede a Monaco di Baviera, ma l&#8217;attivit\u00e0 di consulenza si estende a tutta la Germania e ai Paesi europei.<br \/>\nLo Studio che prosegue la tradizione attivit\u00e0 familiare \u00e8 oggi alla seconda generazione. Per poter rispondere alle esigenze sempre pi\u00f9 specifiche dei nostri tempi ci avvaliamo sia di collaboratori di lunga data sia di un team giovane, dinamico e impegnato.<\/p>\n<p>Siamo grandi abbastanza per soddisfare le richieste dei nostri clienti di piccole e medie dimensioni, e piccoli abbastanza per garantire un&#8217;assistenza personalizzata.<br \/>\ninterfides offre assistenza e consulenza fiscale a circa 300 imprese di piccole e medie dimensioni, con diverse forme giuridiche e con sede in Germania e all&#8217;estero.<\/p>\n<\/div><\/section>\n","protected":false},"excerpt":{"rendered":"","protected":false},"author":1,"featured_media":0,"parent":381,"menu_order":5,"comment_status":"closed","ping_status":"closed","template":"","meta":{"footnotes":""},"class_list":["post-383","page","type-page","status-publish","hentry"],"_links":{"self":[{"href":"https:\/\/www.interfides.de\/it\/wp-json\/wp\/v2\/pages\/383","targetHints":{"allow":["GET"]}}],"collection":[{"href":"https:\/\/www.interfides.de\/it\/wp-json\/wp\/v2\/pages"}],"about":[{"href":"https:\/\/www.interfides.de\/it\/wp-json\/wp\/v2\/types\/page"}],"author":[{"embeddable":true,"href":"https:\/\/www.interfides.de\/it\/wp-json\/wp\/v2\/users\/1"}],"replies":[{"embeddable":true,"href":"https:\/\/www.interfides.de\/it\/wp-json\/wp\/v2\/comments?post=383"}],"version-history":[{"count":3,"href":"https:\/\/www.interfides.de\/it\/wp-json\/wp\/v2\/pages\/383\/revisions"}],"predecessor-version":[{"id":560,"href":"https:\/\/www.interfides.de\/it\/wp-json\/wp\/v2\/pages\/383\/revisions\/560"}],"up":[{"embeddable":true,"href":"https:\/\/www.interfides.de\/it\/wp-json\/wp\/v2\/pages\/381"}],"wp:attachment":[{"href":"https:\/\/www.interfides.de\/it\/wp-json\/wp\/v2\/media?parent=383"}],"curies":[{"name":"wp","href":"https:\/\/api.w.org\/{rel}","templated":true}]}}