{"id":394,"date":"2015-07-30T10:51:47","date_gmt":"2015-07-30T08:51:47","guid":{"rendered":"http:\/\/www.interfides.de\/?page_id=394"},"modified":"2015-08-10T14:26:22","modified_gmt":"2015-08-10T12:26:22","slug":"interfides-quale-datore-di-lavoro","status":"publish","type":"page","link":"https:\/\/www.interfides.de\/it\/lo-studio\/interfides-quale-datore-di-lavoro\/","title":{"rendered":"Interfides quale datore di lavoro"},"content":{"rendered":"\n<style type=\"text\/css\" data-created_by=\"avia_inline_auto\" id=\"style-css-av-av_section-a6a6f250b9db4861f7e2657e4465b110\">\n.avia-section.av-av_section-a6a6f250b9db4861f7e2657e4465b110{\nbackground-repeat:no-repeat;\nbackground-image:url(https:\/\/www.interfides.de\/wp-content\/uploads\/2015\/07\/header_kanzlei.jpg);\nbackground-position:50% 50%;\nbackground-attachment:scroll;\n}\n<\/style>\n<div id='av_section_1'  class='avia-section av-av_section-a6a6f250b9db4861f7e2657e4465b110 main_color avia-section-no-padding avia-no-border-styling  avia-builder-el-0  el_before_av_heading  avia-builder-el-first  avia-full-stretch avia-bg-style-scroll av-minimum-height av-minimum-height-custom av-height-custom  container_wrap fullsize'  data-section-bg-repeat='stretch' data-av_minimum_height_px='230'><div class='container av-section-cont-open' style='height:230px'><main  role=\"main\" itemprop=\"mainContentOfPage\"  class='template-page content  av-content-full alpha units'><div class='post-entry post-entry-type-page post-entry-394'><div class='entry-content-wrapper clearfix'><\/div><\/div><\/main><!-- close content main element --><\/div><\/div><div id='after_section_1'  class='main_color av_default_container_wrap container_wrap fullsize'  ><div class='container av-section-cont-open' ><div class='template-page content  av-content-full alpha units'><div class='post-entry post-entry-type-page post-entry-394'><div class='entry-content-wrapper clearfix'>\n\n<style type=\"text\/css\" data-created_by=\"avia_inline_auto\" id=\"style-css-av-av_heading-fec5bc0e7be3218231496a6bbc33fd62\">\n#top .av-special-heading.av-av_heading-fec5bc0e7be3218231496a6bbc33fd62{\npadding-bottom:0;\n}\nbody .av-special-heading.av-av_heading-fec5bc0e7be3218231496a6bbc33fd62 .av-special-heading-tag .heading-char{\nfont-size:25px;\n}\n.av-special-heading.av-av_heading-fec5bc0e7be3218231496a6bbc33fd62 .av-subheading{\nfont-size:15px;\n}\n<\/style>\n<div  class='av-special-heading av-av_heading-fec5bc0e7be3218231496a6bbc33fd62 av-special-heading-h1 blockquote modern-quote  avia-builder-el-1  el_after_av_section  el_before_av_hr  avia-builder-el-first '><h1 class='av-special-heading-tag '  itemprop=\"headline\"  >Interfides quale datore di lavoro<\/h1><div class=\"special-heading-border\"><div class=\"special-heading-inner-border\"><\/div><\/div><\/div>\n\n<style type=\"text\/css\" data-created_by=\"avia_inline_auto\" id=\"style-css-av-av_hr-012673f305484e7803231721c4e67864\">\n#top .hr.av-av_hr-012673f305484e7803231721c4e67864{\nmargin-top:0px;\nmargin-bottom:20px;\n}\n.hr.av-av_hr-012673f305484e7803231721c4e67864 .hr-inner{\nwidth:60px;\nborder-color:#f47e1e;\n}\n<\/style>\n<div  class='hr av-av_hr-012673f305484e7803231721c4e67864 hr-custom  avia-builder-el-2  el_after_av_heading  el_before_av_textblock  hr-left hr-icon-no'><span class='hr-inner inner-border-av-border-fat'><span class=\"hr-inner-style\"><\/span><\/span><\/div>\n<section  class='av_textblock_section av-av_textblock-35972167d9f102c5ddaec0c531c98b9e '   itemscope=\"itemscope\" itemtype=\"https:\/\/schema.org\/CreativeWork\" ><div class='avia_textblock'  itemprop=\"text\" ><h2>Siamo alla costante ricerca di collaboratori motivati<\/h2>\n<p>A fronte della crescita continua della nostra attivit\u00e0 siamo costantemente alla ricerca di tirocinanti, assistenti e consulenti fiscali.<\/p>\n<p>Cosa offriamo:<\/p>\n<ul>\n<li>interessante trattamento economico<\/li>\n<li>posto di lavoro centrale in prossimit\u00e0 della linea metropolitana<\/li>\n<li>orario flessibile<\/li>\n<li>assunzione di responsabilit\u00e0<\/li>\n<li>interessante settore lavorativo poich\u00e9 tra i nostri clienti annoveriamo esclusivamente clientela commerciale<\/li>\n<\/ul>\n<p>Inoltre vi aspetta un posto di lavoro moderno in un team giovane, dinamico e ben disposto a darvi supporto. Inviate la vostra candidatura a <a href=\"mailto:bewerbung@interfides.de\">bewerbung@interfides.de<\/a>.<\/p>\n<\/div><\/section>\n\n<style type=\"text\/css\" data-created_by=\"avia_inline_auto\" id=\"style-css-av-av_hr-012673f305484e7803231721c4e67864\">\n#top .hr.av-av_hr-012673f305484e7803231721c4e67864{\nmargin-top:0px;\nmargin-bottom:20px;\n}\n.hr.av-av_hr-012673f305484e7803231721c4e67864 .hr-inner{\nwidth:60px;\nborder-color:#f47e1e;\n}\n<\/style>\n<div  class='hr av-av_hr-012673f305484e7803231721c4e67864 hr-custom  avia-builder-el-4  el_after_av_textblock  el_before_av_textblock  hr-left hr-icon-no'><span class='hr-inner inner-border-av-border-fat'><span class=\"hr-inner-style\"><\/span><\/span><\/div>\n<section  class='av_textblock_section av-av_textblock-35972167d9f102c5ddaec0c531c98b9e '   itemscope=\"itemscope\" itemtype=\"https:\/\/schema.org\/CreativeWork\" ><div class='avia_textblock'  itemprop=\"text\" ><h2>Formazione professionale presso interfides<\/h2>\n<p>In tanti pensano come prima cosa che un consulente fiscale si occupi delle dichiarazioni dei redditi. Questo \u00e8 naturalmente esatto, ma non \u00e8 tutto! Oggigiorno, in Germania, si contano 80.000 consulenti fiscali e contabili che prestano assistenza e consulenza a privati e societ\u00e0 in tutte le questioni fiscali: consulenti per ogni situazione della vita. <strong>Ecco i compiti che vi aspettano nell&#8217;ambito della consulenza fiscale e contabile:<\/strong><\/p>\n<ul>\n<li>assistenza a clienti di diversi settori in merito alle loro questioni aziendali<\/li>\n<li>contabilit\u00e0 finanziaria con analisi aziendali periodiche e predisposizione di bilanci d&#8217;esercizio<\/li>\n<li>consulenza ai clienti in merito a questioni patrimoniali<\/li>\n<li>redazione di bilanci e gestione delle buste paga dei clienti<\/li>\n<\/ul>\n<p><strong>Cosa offre questa professione?<\/strong><\/p>\n<ul>\n<li>un lavoro versatile<\/li>\n<li>la possibilit\u00e0 di cooperare con persone diverse<\/li>\n<li>grande sicurezza per il futuro<\/li>\n<li>ottime opportunit\u00e0 di carriera<\/li>\n<li>la possibilit\u00e0 di lavorare in maniera autonoma e flessibile<\/li>\n<li>un lavoro in un ambiente IT moderno<\/li>\n<\/ul>\n<p>Infine come &#8220;Steuerberater&#8221;, consulente fiscale e contabile, non mancano certamente opportunit\u00e0 di avanzamento. Le continue evoluzioni normative richiedono un costante aggiornamento: non si resta mai fermi allo stesso punto. Inoltre a fronte della tematica fiscale e tributaria, che assumer\u00e0 sempre maggiore rilevanza in futuro, nonch\u00e9 di un sistema fiscale sempre pi\u00f9 vasto, il consulente fiscale \u00e8 sicuramente una figura professionale che ha futuro. Per maggiori informazioni visitare il sito: <a href=\"http:\/\/www.rock-deine-zukunft.de\" target=\"_blank\">www.rock-deine-zukunft.de<\/a>!<\/p>\n<\/div><\/section>\n","protected":false},"excerpt":{"rendered":"","protected":false},"author":1,"featured_media":0,"parent":381,"menu_order":20,"comment_status":"closed","ping_status":"closed","template":"","meta":{"footnotes":""},"class_list":["post-394","page","type-page","status-publish","hentry"],"_links":{"self":[{"href":"https:\/\/www.interfides.de\/it\/wp-json\/wp\/v2\/pages\/394","targetHints":{"allow":["GET"]}}],"collection":[{"href":"https:\/\/www.interfides.de\/it\/wp-json\/wp\/v2\/pages"}],"about":[{"href":"https:\/\/www.interfides.de\/it\/wp-json\/wp\/v2\/types\/page"}],"author":[{"embeddable":true,"href":"https:\/\/www.interfides.de\/it\/wp-json\/wp\/v2\/users\/1"}],"replies":[{"embeddable":true,"href":"https:\/\/www.interfides.de\/it\/wp-json\/wp\/v2\/comments?post=394"}],"version-history":[{"count":5,"href":"https:\/\/www.interfides.de\/it\/wp-json\/wp\/v2\/pages\/394\/revisions"}],"predecessor-version":[{"id":563,"href":"https:\/\/www.interfides.de\/it\/wp-json\/wp\/v2\/pages\/394\/revisions\/563"}],"up":[{"embeddable":true,"href":"https:\/\/www.interfides.de\/it\/wp-json\/wp\/v2\/pages\/381"}],"wp:attachment":[{"href":"https:\/\/www.interfides.de\/it\/wp-json\/wp\/v2\/media?parent=394"}],"curies":[{"name":"wp","href":"https:\/\/api.w.org\/{rel}","templated":true}]}}