{"id":436,"date":"2015-07-30T11:56:22","date_gmt":"2015-07-30T09:56:22","guid":{"rendered":"http:\/\/www.interfides.de\/?page_id=436"},"modified":"2023-02-14T13:37:17","modified_gmt":"2023-02-14T12:37:17","slug":"consulenza-a-societa-affiliate","status":"publish","type":"page","link":"https:\/\/www.interfides.de\/it\/aree-di-competenza\/consulenza-a-societa-affiliate\/","title":{"rendered":"Consulenza a societ\u00e0 affiliate"},"content":{"rendered":"\n<style type=\"text\/css\" data-created_by=\"avia_inline_auto\" id=\"style-css-av-av_section-d466d872a6fa2b5aa28fce1a53eb691a\">\n.avia-section.av-av_section-d466d872a6fa2b5aa28fce1a53eb691a{\nbackground-repeat:no-repeat;\nbackground-image:url(https:\/\/www.interfides.de\/wp-content\/uploads\/2015\/06\/header_schwerpunkte.jpg);\nbackground-position:50% 50%;\nbackground-attachment:scroll;\n}\n<\/style>\n<div id='av_section_1'  class='avia-section av-av_section-d466d872a6fa2b5aa28fce1a53eb691a main_color avia-section-no-padding avia-no-border-styling  avia-builder-el-0  el_before_av_two_third  avia-builder-el-first  avia-full-stretch avia-bg-style-scroll av-minimum-height av-minimum-height-custom av-height-custom  container_wrap fullsize'  data-section-bg-repeat='stretch' data-av_minimum_height_px='230'><div class='container av-section-cont-open' style='height:230px'><main  role=\"main\" itemprop=\"mainContentOfPage\"  class='template-page content  av-content-full alpha units'><div class='post-entry post-entry-type-page post-entry-436'><div class='entry-content-wrapper clearfix'><\/div><\/div><\/main><!-- close content main element --><\/div><\/div><div id='after_section_1'  class='main_color av_default_container_wrap container_wrap fullsize'  ><div class='container av-section-cont-open' ><div class='template-page content  av-content-full alpha units'><div class='post-entry post-entry-type-page post-entry-436'><div class='entry-content-wrapper clearfix'>\n\n<style type=\"text\/css\" data-created_by=\"avia_inline_auto\" id=\"style-css-av-av_two_third-352b07ef7d3bc99b2e9f92e7a9e06bdb\">\n.flex_column.av-av_two_third-352b07ef7d3bc99b2e9f92e7a9e06bdb{\nborder-radius:0px 0px 0px 0px;\npadding:0px 0px 0px 0px;\n}\n<\/style>\n<div  class='flex_column av-av_two_third-352b07ef7d3bc99b2e9f92e7a9e06bdb av_two_third  avia-builder-el-1  el_after_av_section  el_before_av_one_third  avia-builder-el-first  first flex_column_div av-zero-column-padding  '     ><p>\n<style type=\"text\/css\" data-created_by=\"avia_inline_auto\" id=\"style-css-av-av_heading-b019700414d3dde0207534c0021ba765\">\n#top .av-special-heading.av-av_heading-b019700414d3dde0207534c0021ba765{\npadding-bottom:0;\n}\nbody .av-special-heading.av-av_heading-b019700414d3dde0207534c0021ba765 .av-special-heading-tag .heading-char{\nfont-size:25px;\n}\n.av-special-heading.av-av_heading-b019700414d3dde0207534c0021ba765 .av-subheading{\nfont-size:15px;\n}\n<\/style>\n<div  class='av-special-heading av-av_heading-b019700414d3dde0207534c0021ba765 av-special-heading-h1 blockquote modern-quote  avia-builder-el-2  el_before_av_hr  avia-builder-el-first '><h1 class='av-special-heading-tag '  itemprop=\"headline\"  >Consulenza a societ\u00e0 affiliate<\/h1><div class=\"special-heading-border\"><div class=\"special-heading-inner-border\"><\/div><\/div><\/div><br \/>\n\n<style type=\"text\/css\" data-created_by=\"avia_inline_auto\" id=\"style-css-av-av_hr-012673f305484e7803231721c4e67864\">\n#top .hr.av-av_hr-012673f305484e7803231721c4e67864{\nmargin-top:0px;\nmargin-bottom:20px;\n}\n.hr.av-av_hr-012673f305484e7803231721c4e67864 .hr-inner{\nwidth:60px;\nborder-color:#f47e1e;\n}\n<\/style>\n<div  class='hr av-av_hr-012673f305484e7803231721c4e67864 hr-custom  avia-builder-el-3  el_after_av_heading  el_before_av_textblock  hr-left hr-icon-no'><span class='hr-inner inner-border-av-border-fat'><span class=\"hr-inner-style\"><\/span><\/span><\/div><br \/>\n<section  class='av_textblock_section av-av_textblock-35972167d9f102c5ddaec0c531c98b9e '   itemscope=\"itemscope\" itemtype=\"https:\/\/schema.org\/CreativeWork\" ><div class='avia_textblock'  itemprop=\"text\" ><h2>Consulenza a societ\u00e0 tedesche affiliate di societ\u00e0 straniere<\/h2>\n<p>Il seguente esempio illustra come possiamo esservi d&#8217;ausilio nello svolgimento delle vostre attivit\u00e0 in Germania:<\/p>\n<\/div><\/section><\/p><\/div>\n\n<style type=\"text\/css\" data-created_by=\"avia_inline_auto\" id=\"style-css-av-le48b70p-1a35a7d9ae6e4abe50cade793fe52b80\">\n.flex_column.av-le48b70p-1a35a7d9ae6e4abe50cade793fe52b80{\nborder-radius:0px 0px 0px 0px;\npadding:10px 10px 10px 10px;\n}\n<\/style>\n<div  class='flex_column av-le48b70p-1a35a7d9ae6e4abe50cade793fe52b80 av_one_third  avia-builder-el-5  el_after_av_two_third  el_before_av_section  avia-builder-el-last  termin-kasten flex_column_div  '     ><p>\n<style type=\"text\/css\" data-created_by=\"avia_inline_auto\" id=\"style-css-av-av_heading-7100de7fce9a6dbbd43e6ef649e89959\">\n#top .av-special-heading.av-av_heading-7100de7fce9a6dbbd43e6ef649e89959{\npadding-bottom:0;\ncolor:#ffffff;\n}\nbody .av-special-heading.av-av_heading-7100de7fce9a6dbbd43e6ef649e89959 .av-special-heading-tag .heading-char{\nfont-size:25px;\n}\n.av-special-heading.av-av_heading-7100de7fce9a6dbbd43e6ef649e89959 .special-heading-inner-border{\nborder-color:#ffffff;\n}\n.av-special-heading.av-av_heading-7100de7fce9a6dbbd43e6ef649e89959 .av-subheading{\nfont-size:15px;\n}\n<\/style>\n<div  class='av-special-heading av-av_heading-7100de7fce9a6dbbd43e6ef649e89959 av-special-heading-h1 custom-color-heading blockquote modern-quote  avia-builder-el-6  el_before_av_hr  avia-builder-el-first '><h1 class='av-special-heading-tag '  itemprop=\"headline\"  >Fissare un appuntamento<\/h1><div class=\"special-heading-border\"><div class=\"special-heading-inner-border\"><\/div><\/div><\/div><br \/>\n\n<style type=\"text\/css\" data-created_by=\"avia_inline_auto\" id=\"style-css-av-av_hr-cf28bcd94edc3388d0b97a55ad08a3b6\">\n#top .hr.av-av_hr-cf28bcd94edc3388d0b97a55ad08a3b6{\nmargin-top:0px;\nmargin-bottom:0px;\n}\n.hr.av-av_hr-cf28bcd94edc3388d0b97a55ad08a3b6 .hr-inner{\nwidth:60px;\nborder-color:#f47e1e;\n}\n<\/style>\n<div  class='hr av-av_hr-cf28bcd94edc3388d0b97a55ad08a3b6 hr-custom  avia-builder-el-7  el_after_av_heading  el_before_av_icon_box  hr-left hr-icon-no'><span class='hr-inner inner-border-av-border-fat'><span class=\"hr-inner-style\"><\/span><\/span><\/div><br \/>\n\n<style type=\"text\/css\" data-created_by=\"avia_inline_auto\" id=\"style-css-av-le48bg6k-562caa9d61827d3070186bc24df30adf\">\n.iconbox.av-le48bg6k-562caa9d61827d3070186bc24df30adf .iconbox_icon{\ncolor:#ffffff;\n}\n.iconbox.av-le48bg6k-562caa9d61827d3070186bc24df30adf .iconbox_icon.avia-svg-icon svg:first-child{\nfill:#ffffff;\nstroke:#ffffff;\n}\n#top #wrap_all .iconbox.av-le48bg6k-562caa9d61827d3070186bc24df30adf .iconbox_content_title{\ncolor:#ffffff;\n}\n.iconbox.av-le48bg6k-562caa9d61827d3070186bc24df30adf .iconbox_content_container{\ncolor:#ffffff;\n}\n<\/style>\n<article  class='iconbox iconbox_left av-le48bg6k-562caa9d61827d3070186bc24df30adf  avia-builder-el-8  el_after_av_hr  el_before_av_button '  itemscope=\"itemscope\" itemtype=\"https:\/\/schema.org\/CreativeWork\" ><div class=\"iconbox_content\"><header class=\"entry-content-header\" aria-label=\"Icona: 0049-(0)89-7256038\"><div class='iconbox_icon heading-color avia-iconfont avia-font-entypo-fontello' data-av_icon='' data-av_iconfont='entypo-fontello' title=\"0049-(0)89-7256038\" desc=\"0049-(0)89-7256038\" ><\/div><h3 class='iconbox_content_title '  itemprop=\"headline\" ><a href='tel:0049897256038' title='0049-(0)89-7256038'  >0049-(0)89-7256038<\/a><\/h3><\/header><div class='iconbox_content_container av_inherit_color'  itemprop=\"text\" ><\/div><\/div><footer class=\"entry-footer\"><\/footer><\/article><br \/>\n<div  class='avia-button-wrap av-av_button-5b9e91ebb8d9a49e4f5e240f7b7da40f-wrap avia-button-center  avia-builder-el-9  el_after_av_icon_box  avia-builder-el-last  termin-button'>\n<style type=\"text\/css\" data-created_by=\"avia_inline_auto\" id=\"style-css-av-av_button-5b9e91ebb8d9a49e4f5e240f7b7da40f\">\n#top #wrap_all .avia-button.av-av_button-5b9e91ebb8d9a49e4f5e240f7b7da40f{\nbackground-color:#ffffff;\nborder-color:#ffffff;\ncolor:#f47e1e;\ntransition:all 0.4s ease-in-out;\n}\n#top #wrap_all .avia-button.av-av_button-5b9e91ebb8d9a49e4f5e240f7b7da40f .avia-svg-icon svg:first-child{\nfill:#f47e1e;\nstroke:#f47e1e;\n}\n<\/style>\n<a href='https:\/\/www.interfides.de\/it\/contatto\/'  class='avia-button av-av_button-5b9e91ebb8d9a49e4f5e240f7b7da40f av-link-btn avia-icon_select-no avia-size-medium avia-position-center'   aria-label=\"Fissare un appuntamento\"><span class='avia_iconbox_title' >Fissare un appuntamento<\/span><\/a><\/div><\/p><\/div><\/div><\/div><\/div><!-- close content main div --><\/div><\/div><div id='orange-hintergrund'  class='avia-section av-av_section-b742289176ef86a7c7093e7a3937ce31 main_color avia-section-default avia-no-shadow  avia-builder-el-10  el_after_av_one_third  el_before_av_hr  avia-bg-style-scroll container_wrap fullsize'  ><div class='container av-section-cont-open' ><div class='template-page content  av-content-full alpha units'><div class='post-entry post-entry-type-page post-entry-436'><div class='entry-content-wrapper clearfix'>\n<section  class='av_textblock_section av-av_textblock-35972167d9f102c5ddaec0c531c98b9e '   itemscope=\"itemscope\" itemtype=\"https:\/\/schema.org\/CreativeWork\" ><div class='avia_textblock'  itemprop=\"text\" ><p>L&#8217;imprenditore Vincenzo S. di Verona, Italia, produce soluzioni di imballaggio che da qualche tempo offre sul mercato tedesco. In occasione di una fiera settoriale constata che la percentuale delle imprese concorrenti, dotate di una societ\u00e0 di distribuzione in Germania, registra una maggiore crescita delle vendite. Per potenziare la presenza sul mercato tedesco, decide quindi di costituire una societ\u00e0 di distribuzione in Germania.<\/p>\n<p>In seguito ad una breve ricerca in internet e alla richiesta di informazioni presso la camera di commercio italo-tedesco di Monaco di Baviera, conosce la interfides Steuerberatungsgesellschaft mbH. Senza esitare concorda un appuntamento.<\/p>\n<p>In occasione di un <strong>primo colloquio di consulenza<\/strong>, che si tiene presso il nostro Studio centrale di Monaco di Baviera e a cui partecipa per videoconferenza anche il CFO della societ\u00e0 di Vincenzo S., affrontiamo le seguenti tematiche:<\/p>\n<\/div><\/section>\n\n<style type=\"text\/css\" data-created_by=\"avia_inline_auto\" id=\"style-css-av-av_one_half-352b07ef7d3bc99b2e9f92e7a9e06bdb\">\n.flex_column.av-av_one_half-352b07ef7d3bc99b2e9f92e7a9e06bdb{\nborder-radius:0px 0px 0px 0px;\npadding:0px 0px 0px 0px;\n}\n<\/style>\n<div  class='flex_column av-av_one_half-352b07ef7d3bc99b2e9f92e7a9e06bdb av_one_half  avia-builder-el-12  el_after_av_textblock  el_before_av_one_half  first flex_column_div av-zero-column-padding  column-top-margin'     ><p><section  class='av_textblock_section av-av_textblock-18d48d591386a2e9377262fd89ff72c1 '   itemscope=\"itemscope\" itemtype=\"https:\/\/schema.org\/CreativeWork\" ><div class='avia_textblock kasten-orange'  itemprop=\"text\" ><p>scelta della forma giuridica pi\u00f9 consona (GmbH, s.r.l. di diritto tedesco, GbR, societ\u00e0 semplice, ecc.)<\/p>\n<\/div><\/section><br \/>\n<section  class='av_textblock_section av-av_textblock-18d48d591386a2e9377262fd89ff72c1 '   itemscope=\"itemscope\" itemtype=\"https:\/\/schema.org\/CreativeWork\" ><div class='avia_textblock kasten-orange'  itemprop=\"text\" ><p>requisiti che la societ\u00e0 deve soddisfare per il riconoscimento da parte dell&#8217;Ufficio delle Imposte tedesco<\/p>\n<\/div><\/section><\/p><\/div>\n<style type=\"text\/css\" data-created_by=\"avia_inline_auto\" id=\"style-css-av-av_one_half-2a64de42b738552fe666ca889af77e28\">\n.flex_column.av-av_one_half-2a64de42b738552fe666ca889af77e28{\nborder-radius:0px 0px 0px 0px;\npadding:0px 0px 0px 0px;\n}\n<\/style>\n<div  class='flex_column av-av_one_half-2a64de42b738552fe666ca889af77e28 av_one_half  avia-builder-el-15  el_after_av_one_half  el_before_av_hr  flex_column_div av-zero-column-padding  column-top-margin'     ><p><section  class='av_textblock_section av-av_textblock-18d48d591386a2e9377262fd89ff72c1 '   itemscope=\"itemscope\" itemtype=\"https:\/\/schema.org\/CreativeWork\" ><div class='avia_textblock kasten-orange'  itemprop=\"text\" ><p>scelta di una sede in Germania sotto il profilo della convenienza fiscale<\/p>\n<\/div><\/section><br \/>\n<section  class='av_textblock_section av-av_textblock-18d48d591386a2e9377262fd89ff72c1 '   itemscope=\"itemscope\" itemtype=\"https:\/\/schema.org\/CreativeWork\" ><div class='avia_textblock kasten-orange'  itemprop=\"text\" ><p>strategia e pianificazione di tutte le questioni aziendali<\/p>\n<\/div><\/section><\/p><\/div>\n<style type=\"text\/css\" data-created_by=\"avia_inline_auto\" id=\"style-css-av-av_hr-f9c49c3d3336fc54a3f31ed109c785bd\">\n#top .hr.hr-invisible.av-av_hr-f9c49c3d3336fc54a3f31ed109c785bd{\nheight:30px;\n}\n<\/style>\n<div  class='hr av-av_hr-f9c49c3d3336fc54a3f31ed109c785bd hr-invisible  avia-builder-el-18  el_after_av_one_half  el_before_av_textblock '><span class='hr-inner '><span class=\"hr-inner-style\"><\/span><\/span><\/div>\n<section  class='av_textblock_section av-av_textblock-35972167d9f102c5ddaec0c531c98b9e '   itemscope=\"itemscope\" itemtype=\"https:\/\/schema.org\/CreativeWork\" ><div class='avia_textblock'  itemprop=\"text\" ><p>Dopo un attento esame il sig. S. decide di costituire una societ\u00e0 di distribuzione in Germania con la forma giuridica di una GmbH, societ\u00e0 a responsabilit\u00e0 limitata di diritto tedesco. <strong>A tal fine, in cooperazione con lo Studio Legale interfides Huber-Sierk Rechtsanwaltsgesellschaft mbH, lo supportiamo nelle seguenti fasi:<\/strong><\/p>\n<ul>\n<li>richiesta di un appuntamento per il rogito notarile<\/li>\n<li>redazione dello statuto societario<\/li>\n<li>iscrizione nel registro delle imprese<\/li>\n<li>stesura dei contratti di lavoro<\/li>\n<li>richiesta del numero IVA<\/li>\n<li>redazione del bilancio d&#8217;apertura<\/li>\n<li>redazione dei contratti con gli amministratori.<\/li>\n<\/ul>\n<p>Dopo aver espletato tutte le formalit\u00e0, il business inizia. Il sig. S. constata che la sua societ\u00e0 di distribuzione con sede a Gr\u00fcnwald nei pressi di Monaco di Baviera rafforza la fiducia dei clienti. Il fatturato aumenta sensibilmente.<\/p>\n<p>Con esso per\u00f2 crescono anche le esigenze amministrative. Qui intervengono i nostri punti di forza nell&#8217;ambito della contabilit\u00e0 mensile. Oltre ai compiti tradizionali, quali la contabilizzazione, i documenti giustificativi e le dichiarazioni periodiche IVA, ci occupiamo anche della compilazione di un reporting rispondente alle esigenze del gruppo. Questo<\/p>\n<ul>\n<li>include gli indicatori strategici KPI della societ\u00e0 capogruppo italiana<\/li>\n<li>tiene in debito conto le operazioni infragruppo tra la societ\u00e0 capogruppo e la controllata<\/li>\n<li>consente l&#8217;integrazione nella pianificazione aziendale globale.<\/li>\n<\/ul>\n<p>Poich\u00e9 gli affari vanno a gonfie vele, la societ\u00e0 supera i cinque milioni di euro di fatturato annuo, una soglia significativa per l&#8217;Ufficio delle Imposte. La societ\u00e0 di distribuzione in Germania \u00e8 ora tenuta a redigere una documentazione relativa ai prezzi di trasferimento. In cooperazione con lo Studio Legale interfides Huber-Sierk Rechtsanwaltsgesellschaft mbH ci occupiamo della messa a punto di tale documentazione e garantiamo che essa contenga le informazioni richieste dal <strong>\u00a7 4 GAufzV<\/strong>, ordinanza tedesca sulla registrazione ed imputazione degli utili, quali:<\/p>\n<ul>\n<li>i rapporti di partecipazione, l&#8217;attivit\u00e0 di business e la struttura organizzativa<\/li>\n<li>le relazioni d\u2019affari con le parti correlate<\/li>\n<li>l&#8217;analisi funzionale e di rischio<\/li>\n<li>l&#8217;analisi dei prezzi di trasferimento.<\/li>\n<\/ul>\n<p>Dopo alcuni anni di attivit\u00e0 fiorente, a fronte di un elevato volume di scambi commerciali con l&#8217;Italia, il sig. S. riceve dall&#8217;Ufficio delle Imposte una comunicazione che annuncia una verifica fiscale speciale relativa all&#8217;IVA. In tale ambito affianchiamo l&#8217;impresa del sig. S. su due livelli:<\/p>\n<\/div><\/section>\n\n<style type=\"text\/css\" data-created_by=\"avia_inline_auto\" id=\"style-css-av-av_one_half-352b07ef7d3bc99b2e9f92e7a9e06bdb\">\n.flex_column.av-av_one_half-352b07ef7d3bc99b2e9f92e7a9e06bdb{\nborder-radius:0px 0px 0px 0px;\npadding:0px 0px 0px 0px;\n}\n<\/style>\n<div  class='flex_column av-av_one_half-352b07ef7d3bc99b2e9f92e7a9e06bdb av_one_half  avia-builder-el-20  el_after_av_textblock  el_before_av_one_half  first flex_column_div av-zero-column-padding  column-top-margin'     ><section  class='av_textblock_section av-av_textblock-35972167d9f102c5ddaec0c531c98b9e '   itemscope=\"itemscope\" itemtype=\"https:\/\/schema.org\/CreativeWork\" ><div class='avia_textblock'  itemprop=\"text\" ><p><strong>a livello preventivo nel corso della gestione della contabilit\u00e0 tramite:<\/strong><\/p>\n<ul>\n<li>il controllo delle fatture in entrata, in merito alla corrispondenza con quanto richiesto dal \u00a7 14 della Legge tedesca sull&#8217;IVA, al fine di garantire una corretta detrazione dell&#8217;IVA a credito<\/li>\n<li>la corretta imputazione dei fatturati (periodo della dichiarazione periodica)<\/li>\n<li>il controllo dei requisiti richiesti ai giustificativi delle spese di rappresentanza<\/li>\n<li>l&#8217;esatta registrazione di tutte le operazioni relativamente ai codici tributo e all&#8217;aliquota fiscale<\/li>\n<\/ul>\n<\/div><\/section><\/div>\n<style type=\"text\/css\" data-created_by=\"avia_inline_auto\" id=\"style-css-av-av_one_half-2a64de42b738552fe666ca889af77e28\">\n.flex_column.av-av_one_half-2a64de42b738552fe666ca889af77e28{\nborder-radius:0px 0px 0px 0px;\npadding:0px 0px 0px 0px;\n}\n<\/style>\n<div  class='flex_column av-av_one_half-2a64de42b738552fe666ca889af77e28 av_one_half  avia-builder-el-22  el_after_av_one_half  avia-builder-el-last  flex_column_div av-zero-column-padding  column-top-margin'     ><section  class='av_textblock_section av-av_textblock-35972167d9f102c5ddaec0c531c98b9e '   itemscope=\"itemscope\" itemtype=\"https:\/\/schema.org\/CreativeWork\" ><div class='avia_textblock'  itemprop=\"text\" ><p><strong>nel corso della verifica speciale dell&#8217;IVA, quale partner competente per gestire le trattative con l&#8217;Ufficio delle Imposte:<\/strong><\/p>\n<ul>\n<li>Thomas Jan, il nostro specialista per i servizi transfrontalieri, consulente fiscale ed esperto specializzato in diritto tributario internazionale, affianca ogni anno numerose imprese soggette a verifiche speciali dell&#8217;IVA e conosce bene quali sono gli aspetti che interessano l&#8217;Ufficio delle Imposte e come trattare con il fisco.<\/li>\n<li>In cooperazione con avvocati di consolidata esperienza facciamo valere i vostri diritti davanti all&#8217;Ufficio delle Imposte!<\/li>\n<\/ul>\n<\/div><\/section><\/div>\n<\/div><\/div><\/div><!-- close content main div --><\/div><\/div><div id='after_section_2'  class='main_color av_default_container_wrap container_wrap fullsize'  ><div class='container av-section-cont-open' ><div class='template-page content  av-content-full alpha units'><div class='post-entry post-entry-type-page post-entry-436'><div class='entry-content-wrapper clearfix'><\/p>\n\n<style type=\"text\/css\" data-created_by=\"avia_inline_auto\" id=\"style-css-av-av_hr-93880b41331287540333d07f95a8006f\">\n#top .hr.hr-invisible.av-av_hr-93880b41331287540333d07f95a8006f{\nheight:1px;\n}\n<\/style>\n<div  class='hr av-av_hr-93880b41331287540333d07f95a8006f hr-invisible  avia-builder-el-24  el_after_av_section  avia-builder-el-no-sibling '><span class='hr-inner '><span class=\"hr-inner-style\"><\/span><\/span><\/div>\n","protected":false},"excerpt":{"rendered":"","protected":false},"author":1,"featured_media":0,"parent":434,"menu_order":5,"comment_status":"closed","ping_status":"closed","template":"","meta":{"footnotes":""},"class_list":["post-436","page","type-page","status-publish","hentry"],"_links":{"self":[{"href":"https:\/\/www.interfides.de\/it\/wp-json\/wp\/v2\/pages\/436","targetHints":{"allow":["GET"]}}],"collection":[{"href":"https:\/\/www.interfides.de\/it\/wp-json\/wp\/v2\/pages"}],"about":[{"href":"https:\/\/www.interfides.de\/it\/wp-json\/wp\/v2\/types\/page"}],"author":[{"embeddable":true,"href":"https:\/\/www.interfides.de\/it\/wp-json\/wp\/v2\/users\/1"}],"replies":[{"embeddable":true,"href":"https:\/\/www.interfides.de\/it\/wp-json\/wp\/v2\/comments?post=436"}],"version-history":[{"count":9,"href":"https:\/\/www.interfides.de\/it\/wp-json\/wp\/v2\/pages\/436\/revisions"}],"predecessor-version":[{"id":438,"href":"https:\/\/www.interfides.de\/it\/wp-json\/wp\/v2\/pages\/436\/revisions\/438"}],"up":[{"embeddable":true,"href":"https:\/\/www.interfides.de\/it\/wp-json\/wp\/v2\/pages\/434"}],"wp:attachment":[{"href":"https:\/\/www.interfides.de\/it\/wp-json\/wp\/v2\/media?parent=436"}],"curies":[{"name":"wp","href":"https:\/\/api.w.org\/{rel}","templated":true}]}}